{"id":10230,"date":"2025-10-18T20:53:36","date_gmt":"2025-10-18T17:53:36","guid":{"rendered":"https:\/\/royalfood.ch\/?post_type=product&#038;p=10230"},"modified":"2025-10-18T20:54:26","modified_gmt":"2025-10-18T17:54:26","slug":"burger-chicken-crispy","status":"publish","type":"product","link":"https:\/\/royalfood.ch\/fr_fr\/produit\/burger-chicken-crispy\/","title":{"rendered":"Burger chicken crispy"},"content":{"rendered":"<p>Pr\u00e9par\u00e9 avec salade, tomates et oignons<\/p>\n","protected":false},"excerpt":{"rendered":"<p>Un burger croustillant et savoureux, pr\u00e9par\u00e9 avec un filet de poulet pan\u00e9 dor\u00e9, de la salade croquante, des tomates fra\u00eeches et une sauce onctueuse.<br data-start=\"306\" data-end=\"309\" \/>Un vrai plaisir gourmand \u00e0 chaque bouch\u00e9e!<\/p>\n","protected":false},"featured_media":0,"comment_status":"open","ping_status":"closed","template":"","meta":[],"product_brand":[191],"product_cat":[181],"product_tag":[],"class_list":{"0":"post-10230","1":"product","2":"type-product","3":"status-publish","5":"product_brand-royal-food","6":"product_cat-burger","8":"first","9":"instock","10":"shipping-taxable","11":"purchasable","12":"product-type-simple"},"_links":{"self":[{"href":"https:\/\/royalfood.ch\/fr_fr\/wp-json\/wp\/v2\/product\/10230","targetHints":{"allow":["GET"]}}],"collection":[{"href":"https:\/\/royalfood.ch\/fr_fr\/wp-json\/wp\/v2\/product"}],"about":[{"href":"https:\/\/royalfood.ch\/fr_fr\/wp-json\/wp\/v2\/types\/product"}],"replies":[{"embeddable":true,"href":"https:\/\/royalfood.ch\/fr_fr\/wp-json\/wp\/v2\/comments?post=10230"}],"wp:attachment":[{"href":"https:\/\/royalfood.ch\/fr_fr\/wp-json\/wp\/v2\/media?parent=10230"}],"wp:term":[{"taxonomy":"product_brand","embeddable":true,"href":"https:\/\/royalfood.ch\/fr_fr\/wp-json\/wp\/v2\/product_brand?post=10230"},{"taxonomy":"product_cat","embeddable":true,"href":"https:\/\/royalfood.ch\/fr_fr\/wp-json\/wp\/v2\/product_cat?post=10230"},{"taxonomy":"product_tag","embeddable":true,"href":"https:\/\/royalfood.ch\/fr_fr\/wp-json\/wp\/v2\/product_tag?post=10230"}],"curies":[{"name":"wp","href":"https:\/\/api.w.org\/{rel}","templated":true}]}}