{"id":10225,"date":"2025-10-18T20:47:03","date_gmt":"2025-10-18T17:47:03","guid":{"rendered":"https:\/\/royalfood.ch\/?post_type=product&#038;p=10225"},"modified":"2025-10-18T20:47:35","modified_gmt":"2025-10-18T17:47:35","slug":"assiette-calamars","status":"publish","type":"product","link":"https:\/\/royalfood.ch\/fr_fr\/produit\/assiette-calamars\/","title":{"rendered":"Assiette Calamars"},"content":{"rendered":"<p>Servi avec frites et salade<\/p>\n","protected":false},"excerpt":{"rendered":"<p>Des calamars dor\u00e9s et croustillants, servis avec des frites l\u00e9g\u00e8res et une salade fra\u00eeche et color\u00e9e.<br data-start=\"284\" data-end=\"287\" \/>Un plat savoureux aux saveurs marines, parfait pour une pause gourmande et l\u00e9g\u00e8re.<\/p>\n","protected":false},"featured_media":0,"comment_status":"open","ping_status":"closed","template":"","meta":[],"product_brand":[191],"product_cat":[176],"product_tag":[],"class_list":{"0":"post-10225","1":"product","2":"type-product","3":"status-publish","5":"product_brand-royal-food","6":"product_cat-les-assiettes","8":"first","9":"instock","10":"shipping-taxable","11":"purchasable","12":"product-type-simple"},"_links":{"self":[{"href":"https:\/\/royalfood.ch\/fr_fr\/wp-json\/wp\/v2\/product\/10225","targetHints":{"allow":["GET"]}}],"collection":[{"href":"https:\/\/royalfood.ch\/fr_fr\/wp-json\/wp\/v2\/product"}],"about":[{"href":"https:\/\/royalfood.ch\/fr_fr\/wp-json\/wp\/v2\/types\/product"}],"replies":[{"embeddable":true,"href":"https:\/\/royalfood.ch\/fr_fr\/wp-json\/wp\/v2\/comments?post=10225"}],"wp:attachment":[{"href":"https:\/\/royalfood.ch\/fr_fr\/wp-json\/wp\/v2\/media?parent=10225"}],"wp:term":[{"taxonomy":"product_brand","embeddable":true,"href":"https:\/\/royalfood.ch\/fr_fr\/wp-json\/wp\/v2\/product_brand?post=10225"},{"taxonomy":"product_cat","embeddable":true,"href":"https:\/\/royalfood.ch\/fr_fr\/wp-json\/wp\/v2\/product_cat?post=10225"},{"taxonomy":"product_tag","embeddable":true,"href":"https:\/\/royalfood.ch\/fr_fr\/wp-json\/wp\/v2\/product_tag?post=10225"}],"curies":[{"name":"wp","href":"https:\/\/api.w.org\/{rel}","templated":true}]}}