{"id":10217,"date":"2025-10-18T20:34:39","date_gmt":"2025-10-18T17:34:39","guid":{"rendered":"https:\/\/royalfood.ch\/?post_type=product&#038;p=10217"},"modified":"2025-10-18T20:35:36","modified_gmt":"2025-10-18T17:35:36","slug":"assiette-merguez-grille","status":"publish","type":"product","link":"https:\/\/royalfood.ch\/fr_fr\/produit\/assiette-merguez-grille\/","title":{"rendered":"Assiette merguez grill\u00e9"},"content":{"rendered":"<p>Servi avec frites et salade<\/p>\n","protected":false},"excerpt":{"rendered":"<p>De savoureuses merguez grill\u00e9es \u00e0 la perfection, servies avec des frites dor\u00e9es, du riz ou une salade fra\u00eeche.<br data-start=\"288\" data-end=\"291\" \/>Un plat g\u00e9n\u00e9reux aux saveurs \u00e9pic\u00e9es, parfait pour les amateurs de grillades authentiques.<\/p>\n","protected":false},"featured_media":0,"comment_status":"open","ping_status":"closed","template":"","meta":[],"product_brand":[191],"product_cat":[176],"product_tag":[],"class_list":{"0":"post-10217","1":"product","2":"type-product","3":"status-publish","5":"product_brand-royal-food","6":"product_cat-les-assiettes","8":"first","9":"instock","10":"shipping-taxable","11":"purchasable","12":"product-type-simple"},"_links":{"self":[{"href":"https:\/\/royalfood.ch\/fr_fr\/wp-json\/wp\/v2\/product\/10217","targetHints":{"allow":["GET"]}}],"collection":[{"href":"https:\/\/royalfood.ch\/fr_fr\/wp-json\/wp\/v2\/product"}],"about":[{"href":"https:\/\/royalfood.ch\/fr_fr\/wp-json\/wp\/v2\/types\/product"}],"replies":[{"embeddable":true,"href":"https:\/\/royalfood.ch\/fr_fr\/wp-json\/wp\/v2\/comments?post=10217"}],"wp:attachment":[{"href":"https:\/\/royalfood.ch\/fr_fr\/wp-json\/wp\/v2\/media?parent=10217"}],"wp:term":[{"taxonomy":"product_brand","embeddable":true,"href":"https:\/\/royalfood.ch\/fr_fr\/wp-json\/wp\/v2\/product_brand?post=10217"},{"taxonomy":"product_cat","embeddable":true,"href":"https:\/\/royalfood.ch\/fr_fr\/wp-json\/wp\/v2\/product_cat?post=10217"},{"taxonomy":"product_tag","embeddable":true,"href":"https:\/\/royalfood.ch\/fr_fr\/wp-json\/wp\/v2\/product_tag?post=10217"}],"curies":[{"name":"wp","href":"https:\/\/api.w.org\/{rel}","templated":true}]}}