{"id":10215,"date":"2025-10-18T20:32:09","date_gmt":"2025-10-18T17:32:09","guid":{"rendered":"https:\/\/royalfood.ch\/?post_type=product&#038;p=10215"},"modified":"2025-10-18T20:33:08","modified_gmt":"2025-10-18T17:33:08","slug":"assiette-steak-chicken","status":"publish","type":"product","link":"https:\/\/royalfood.ch\/fr_fr\/produit\/assiette-steak-chicken\/","title":{"rendered":"Assiette steak chicken"},"content":{"rendered":"<p>Servi avec frites et salade<\/p>\n","protected":false},"excerpt":{"rendered":"<p>Un savoureux steak de poulet grill\u00e9 \u00e0 la perfection, servi avec des frites croustillantes, du riz ou une salade fra\u00eeche.<br data-start=\"294\" data-end=\"297\" \/>Un plat complet et \u00e9quilibr\u00e9, id\u00e9al pour ceux qui aiment les saveurs simples et authentiques.<\/p>\n","protected":false},"featured_media":0,"comment_status":"open","ping_status":"closed","template":"","meta":[],"product_brand":[191],"product_cat":[176],"product_tag":[],"class_list":{"0":"post-10215","1":"product","2":"type-product","3":"status-publish","5":"product_brand-royal-food","6":"product_cat-les-assiettes","8":"first","9":"instock","10":"shipping-taxable","11":"purchasable","12":"product-type-simple"},"_links":{"self":[{"href":"https:\/\/royalfood.ch\/fr_fr\/wp-json\/wp\/v2\/product\/10215","targetHints":{"allow":["GET"]}}],"collection":[{"href":"https:\/\/royalfood.ch\/fr_fr\/wp-json\/wp\/v2\/product"}],"about":[{"href":"https:\/\/royalfood.ch\/fr_fr\/wp-json\/wp\/v2\/types\/product"}],"replies":[{"embeddable":true,"href":"https:\/\/royalfood.ch\/fr_fr\/wp-json\/wp\/v2\/comments?post=10215"}],"wp:attachment":[{"href":"https:\/\/royalfood.ch\/fr_fr\/wp-json\/wp\/v2\/media?parent=10215"}],"wp:term":[{"taxonomy":"product_brand","embeddable":true,"href":"https:\/\/royalfood.ch\/fr_fr\/wp-json\/wp\/v2\/product_brand?post=10215"},{"taxonomy":"product_cat","embeddable":true,"href":"https:\/\/royalfood.ch\/fr_fr\/wp-json\/wp\/v2\/product_cat?post=10215"},{"taxonomy":"product_tag","embeddable":true,"href":"https:\/\/royalfood.ch\/fr_fr\/wp-json\/wp\/v2\/product_tag?post=10215"}],"curies":[{"name":"wp","href":"https:\/\/api.w.org\/{rel}","templated":true}]}}