{"id":10213,"date":"2025-10-18T19:59:58","date_gmt":"2025-10-18T16:59:58","guid":{"rendered":"https:\/\/royalfood.ch\/?post_type=product&#038;p=10213"},"modified":"2025-10-18T20:00:43","modified_gmt":"2025-10-18T17:00:43","slug":"assiette-brochette-dagneau","status":"publish","type":"product","link":"https:\/\/royalfood.ch\/fr_fr\/produit\/assiette-brochette-dagneau\/","title":{"rendered":"Assiette brochette d&rsquo;agneau"},"content":{"rendered":"<p>Servi avec frites et salade<\/p>\n","protected":false},"excerpt":{"rendered":"<p>Des brochettes d\u2019agneau tendres et savoureuses, grill\u00e9es \u00e0 la perfection et servies avec des frites dor\u00e9es, du riz ou une salade fra\u00eeche.<br data-start=\"335\" data-end=\"338\" \/>Un plat g\u00e9n\u00e9reux et raffin\u00e9, aux saveurs authentiques du grill.<\/p>\n","protected":false},"featured_media":0,"comment_status":"open","ping_status":"closed","template":"","meta":[],"product_brand":[191],"product_cat":[176],"product_tag":[],"class_list":{"0":"post-10213","1":"product","2":"type-product","3":"status-publish","5":"product_brand-royal-food","6":"product_cat-les-assiettes","8":"first","9":"instock","10":"shipping-taxable","11":"purchasable","12":"product-type-simple"},"_links":{"self":[{"href":"https:\/\/royalfood.ch\/fr_fr\/wp-json\/wp\/v2\/product\/10213","targetHints":{"allow":["GET"]}}],"collection":[{"href":"https:\/\/royalfood.ch\/fr_fr\/wp-json\/wp\/v2\/product"}],"about":[{"href":"https:\/\/royalfood.ch\/fr_fr\/wp-json\/wp\/v2\/types\/product"}],"replies":[{"embeddable":true,"href":"https:\/\/royalfood.ch\/fr_fr\/wp-json\/wp\/v2\/comments?post=10213"}],"wp:attachment":[{"href":"https:\/\/royalfood.ch\/fr_fr\/wp-json\/wp\/v2\/media?parent=10213"}],"wp:term":[{"taxonomy":"product_brand","embeddable":true,"href":"https:\/\/royalfood.ch\/fr_fr\/wp-json\/wp\/v2\/product_brand?post=10213"},{"taxonomy":"product_cat","embeddable":true,"href":"https:\/\/royalfood.ch\/fr_fr\/wp-json\/wp\/v2\/product_cat?post=10213"},{"taxonomy":"product_tag","embeddable":true,"href":"https:\/\/royalfood.ch\/fr_fr\/wp-json\/wp\/v2\/product_tag?post=10213"}],"curies":[{"name":"wp","href":"https:\/\/api.w.org\/{rel}","templated":true}]}}