{"id":10201,"date":"2025-10-18T19:40:12","date_gmt":"2025-10-18T16:40:12","guid":{"rendered":"https:\/\/royalfood.ch\/?post_type=product&#038;p=10201"},"modified":"2025-10-18T19:42:42","modified_gmt":"2025-10-18T16:42:42","slug":"emince-poulet-curry","status":"publish","type":"product","link":"https:\/\/royalfood.ch\/fr_fr\/produit\/emince-poulet-curry\/","title":{"rendered":"\u00c9minc\u00e9 poulet curry"},"content":{"rendered":"<p>Servi avec frites ou riz et petite salade m\u00eal\u00e9e<\/p>\n","protected":false},"excerpt":{"rendered":"<p>Un plat plein de soleil et de saveurs!<br data-start=\"210\" data-end=\"213\" \/>Des morceaux de poulet tendres mijot\u00e9s dans une sauce curry parfum\u00e9e, servis avec des frites croustillantes ou du riz, et accompagn\u00e9s d\u2019une petite salade m\u00eal\u00e9e fra\u00eeche.<br data-start=\"381\" data-end=\"384\" \/>Une recette g\u00e9n\u00e9reuse et r\u00e9confortante, parfaite pour les amateurs de cuisine exotique.<\/p>\n","protected":false},"featured_media":10202,"comment_status":"open","ping_status":"closed","template":"","meta":[],"product_brand":[191],"product_cat":[180],"product_tag":[],"class_list":{"0":"post-10201","1":"product","2":"type-product","3":"status-publish","4":"has-post-thumbnail","6":"product_brand-royal-food","7":"product_cat-cuisine-francaise","9":"first","10":"instock","11":"shipping-taxable","12":"purchasable","13":"product-type-simple"},"_links":{"self":[{"href":"https:\/\/royalfood.ch\/fr_fr\/wp-json\/wp\/v2\/product\/10201","targetHints":{"allow":["GET"]}}],"collection":[{"href":"https:\/\/royalfood.ch\/fr_fr\/wp-json\/wp\/v2\/product"}],"about":[{"href":"https:\/\/royalfood.ch\/fr_fr\/wp-json\/wp\/v2\/types\/product"}],"replies":[{"embeddable":true,"href":"https:\/\/royalfood.ch\/fr_fr\/wp-json\/wp\/v2\/comments?post=10201"}],"wp:featuredmedia":[{"embeddable":true,"href":"https:\/\/royalfood.ch\/fr_fr\/wp-json\/wp\/v2\/media\/10202"}],"wp:attachment":[{"href":"https:\/\/royalfood.ch\/fr_fr\/wp-json\/wp\/v2\/media?parent=10201"}],"wp:term":[{"taxonomy":"product_brand","embeddable":true,"href":"https:\/\/royalfood.ch\/fr_fr\/wp-json\/wp\/v2\/product_brand?post=10201"},{"taxonomy":"product_cat","embeddable":true,"href":"https:\/\/royalfood.ch\/fr_fr\/wp-json\/wp\/v2\/product_cat?post=10201"},{"taxonomy":"product_tag","embeddable":true,"href":"https:\/\/royalfood.ch\/fr_fr\/wp-json\/wp\/v2\/product_tag?post=10201"}],"curies":[{"name":"wp","href":"https:\/\/api.w.org\/{rel}","templated":true}]}}