{"id":10198,"date":"2025-10-18T19:37:56","date_gmt":"2025-10-18T16:37:56","guid":{"rendered":"https:\/\/royalfood.ch\/?post_type=product&#038;p=10198"},"modified":"2025-10-18T19:37:56","modified_gmt":"2025-10-18T16:37:56","slug":"filet-de-perche-meuniere","status":"publish","type":"product","link":"https:\/\/royalfood.ch\/fr_fr\/produit\/filet-de-perche-meuniere\/","title":{"rendered":"Filet de p\u00earche meuni\u00e8re"},"content":{"rendered":"<p>Servi frites ou riz et avec salade m\u00eale<\/p>\n","protected":false},"excerpt":{"rendered":"<p>Un grand classique du lac revisit\u00e9 avec soin.<br data-start=\"236\" data-end=\"239\" \/>Des filets de perche d\u00e9licatement dor\u00e9s au beurre, servis avec des frites croustillantes ou du riz, accompagn\u00e9s d\u2019une salade m\u00eal\u00e9e fra\u00eeche.<br data-start=\"378\" data-end=\"381\" \/>Un plat savoureux, raffin\u00e9 et plein de l\u00e9g\u00e8ret\u00e9 \u2014 parfait pour les amateurs de poisson.<\/p>\n","protected":false},"featured_media":10199,"comment_status":"open","ping_status":"closed","template":"","meta":[],"product_brand":[191],"product_cat":[180],"product_tag":[],"class_list":{"0":"post-10198","1":"product","2":"type-product","3":"status-publish","4":"has-post-thumbnail","6":"product_brand-royal-food","7":"product_cat-cuisine-francaise","9":"first","10":"instock","11":"shipping-taxable","12":"purchasable","13":"product-type-simple"},"_links":{"self":[{"href":"https:\/\/royalfood.ch\/fr_fr\/wp-json\/wp\/v2\/product\/10198","targetHints":{"allow":["GET"]}}],"collection":[{"href":"https:\/\/royalfood.ch\/fr_fr\/wp-json\/wp\/v2\/product"}],"about":[{"href":"https:\/\/royalfood.ch\/fr_fr\/wp-json\/wp\/v2\/types\/product"}],"replies":[{"embeddable":true,"href":"https:\/\/royalfood.ch\/fr_fr\/wp-json\/wp\/v2\/comments?post=10198"}],"wp:featuredmedia":[{"embeddable":true,"href":"https:\/\/royalfood.ch\/fr_fr\/wp-json\/wp\/v2\/media\/10199"}],"wp:attachment":[{"href":"https:\/\/royalfood.ch\/fr_fr\/wp-json\/wp\/v2\/media?parent=10198"}],"wp:term":[{"taxonomy":"product_brand","embeddable":true,"href":"https:\/\/royalfood.ch\/fr_fr\/wp-json\/wp\/v2\/product_brand?post=10198"},{"taxonomy":"product_cat","embeddable":true,"href":"https:\/\/royalfood.ch\/fr_fr\/wp-json\/wp\/v2\/product_cat?post=10198"},{"taxonomy":"product_tag","embeddable":true,"href":"https:\/\/royalfood.ch\/fr_fr\/wp-json\/wp\/v2\/product_tag?post=10198"}],"curies":[{"name":"wp","href":"https:\/\/api.w.org\/{rel}","templated":true}]}}