{"id":10195,"date":"2025-10-18T19:29:50","date_gmt":"2025-10-18T16:29:50","guid":{"rendered":"https:\/\/royalfood.ch\/?post_type=product&#038;p=10195"},"modified":"2025-10-18T19:31:02","modified_gmt":"2025-10-18T16:31:02","slug":"tacos-xl","status":"publish","type":"product","link":"https:\/\/royalfood.ch\/fr_fr\/produit\/tacos-xl\/","title":{"rendered":"Tacos XL"},"content":{"rendered":"<p data-start=\"354\" data-end=\"477\">D\u00e9couvrez le tacos L g\u00e9n\u00e9reux, parfait \u00e9quilibre entre viande, sauce onctueuse et fromage fondant.<\/p>\n<div id=\"gtx-trans\" style=\"position: absolute; left: -86px; top: -1.10156px;\">\n<div class=\"gtx-trans-icon\"><\/div>\n<\/div>\n","protected":false},"excerpt":{"rendered":"<p data-start=\"227\" data-end=\"352\">Le roi des tacos!\u00a0<br data-start=\"155\" data-end=\"158\" \/>Un format extra g\u00e9n\u00e9reux pour les vraies grandes faims, alliant viande savoureuse, sauce onctueuse et fromage fondant.<br data-start=\"276\" data-end=\"279\" \/>Une explosion de go\u00fbt \u00e0 chaque bouch\u00e9e \u2014 impossible d\u2019y r\u00e9sister!<\/p>\n","protected":false},"featured_media":10160,"comment_status":"closed","ping_status":"closed","template":"","meta":[],"product_brand":[191],"product_cat":[179],"product_tag":[],"class_list":{"0":"post-10195","1":"product","2":"type-product","3":"status-publish","4":"has-post-thumbnail","6":"product_brand-royal-food","7":"product_cat-tacos","9":"first","10":"instock","11":"shipping-taxable","12":"purchasable","13":"product-type-simple"},"_links":{"self":[{"href":"https:\/\/royalfood.ch\/fr_fr\/wp-json\/wp\/v2\/product\/10195","targetHints":{"allow":["GET"]}}],"collection":[{"href":"https:\/\/royalfood.ch\/fr_fr\/wp-json\/wp\/v2\/product"}],"about":[{"href":"https:\/\/royalfood.ch\/fr_fr\/wp-json\/wp\/v2\/types\/product"}],"replies":[{"embeddable":true,"href":"https:\/\/royalfood.ch\/fr_fr\/wp-json\/wp\/v2\/comments?post=10195"}],"wp:featuredmedia":[{"embeddable":true,"href":"https:\/\/royalfood.ch\/fr_fr\/wp-json\/wp\/v2\/media\/10160"}],"wp:attachment":[{"href":"https:\/\/royalfood.ch\/fr_fr\/wp-json\/wp\/v2\/media?parent=10195"}],"wp:term":[{"taxonomy":"product_brand","embeddable":true,"href":"https:\/\/royalfood.ch\/fr_fr\/wp-json\/wp\/v2\/product_brand?post=10195"},{"taxonomy":"product_cat","embeddable":true,"href":"https:\/\/royalfood.ch\/fr_fr\/wp-json\/wp\/v2\/product_cat?post=10195"},{"taxonomy":"product_tag","embeddable":true,"href":"https:\/\/royalfood.ch\/fr_fr\/wp-json\/wp\/v2\/product_tag?post=10195"}],"curies":[{"name":"wp","href":"https:\/\/api.w.org\/{rel}","templated":true}]}}