{"id":10187,"date":"2025-10-18T18:11:10","date_gmt":"2025-10-18T15:11:10","guid":{"rendered":"https:\/\/royalfood.ch\/?post_type=product&#038;p=10187"},"modified":"2025-10-18T18:31:27","modified_gmt":"2025-10-18T15:31:27","slug":"pizza-margherita","status":"publish","type":"product","link":"https:\/\/royalfood.ch\/fr_fr\/produit\/pizza-margherita\/","title":{"rendered":"Pizza Margherita"},"content":{"rendered":"<p>Sauce tomate, mozzarella, origan, servi avec boisson aux choix<\/p>\n","protected":false},"excerpt":{"rendered":"<p>L\u2019essence de l\u2019Italie dans sa plus belle simplicit\u00e9. Une p\u00e2te fine, une garniture g\u00e9n\u00e9reuse et des saveurs authentiques qui s\u00e9duisent \u00e0 chaque bouch\u00e9e.<br data-start=\"377\" data-end=\"380\" \/>Un grand classique, toujours d\u00e9licieux et appr\u00e9ci\u00e9 de tous.<\/p>\n","protected":false},"featured_media":0,"comment_status":"open","ping_status":"closed","template":"","meta":[],"product_brand":[191],"product_cat":[178],"product_tag":[],"class_list":{"0":"post-10187","1":"product","2":"type-product","3":"status-publish","5":"product_brand-royal-food","6":"product_cat-menu-special","8":"first","9":"instock","10":"shipping-taxable","11":"purchasable","12":"product-type-simple"},"_links":{"self":[{"href":"https:\/\/royalfood.ch\/fr_fr\/wp-json\/wp\/v2\/product\/10187","targetHints":{"allow":["GET"]}}],"collection":[{"href":"https:\/\/royalfood.ch\/fr_fr\/wp-json\/wp\/v2\/product"}],"about":[{"href":"https:\/\/royalfood.ch\/fr_fr\/wp-json\/wp\/v2\/types\/product"}],"replies":[{"embeddable":true,"href":"https:\/\/royalfood.ch\/fr_fr\/wp-json\/wp\/v2\/comments?post=10187"}],"wp:attachment":[{"href":"https:\/\/royalfood.ch\/fr_fr\/wp-json\/wp\/v2\/media?parent=10187"}],"wp:term":[{"taxonomy":"product_brand","embeddable":true,"href":"https:\/\/royalfood.ch\/fr_fr\/wp-json\/wp\/v2\/product_brand?post=10187"},{"taxonomy":"product_cat","embeddable":true,"href":"https:\/\/royalfood.ch\/fr_fr\/wp-json\/wp\/v2\/product_cat?post=10187"},{"taxonomy":"product_tag","embeddable":true,"href":"https:\/\/royalfood.ch\/fr_fr\/wp-json\/wp\/v2\/product_tag?post=10187"}],"curies":[{"name":"wp","href":"https:\/\/api.w.org\/{rel}","templated":true}]}}