{"id":10127,"date":"2025-09-21T03:01:27","date_gmt":"2025-09-21T00:01:27","guid":{"rendered":"https:\/\/royalfood.ch\/?post_type=product&#038;p=10127"},"modified":"2025-10-18T19:24:48","modified_gmt":"2025-10-18T16:24:48","slug":"tacos-m-2","status":"publish","type":"product","link":"https:\/\/royalfood.ch\/fr_fr\/produit\/tacos-m-2\/","title":{"rendered":"Tacos M"},"content":{"rendered":"<p data-start=\"227\" data-end=\"352\">Un tacos taille M gourmand avec viande, sauce et fromage, id\u00e9al pour une pause rapide et savoureuse.<\/p>\n<p data-start=\"354\" data-end=\"477\">\n","protected":false},"excerpt":{"rendered":"<p data-start=\"227\" data-end=\"352\">Un tacos de taille moyenne, g\u00e9n\u00e9reux et plein de go\u00fbt !<br data-start=\"223\" data-end=\"226\" \/>Pr\u00e9par\u00e9 avec la viande de votre choix, une sauce savoureuse et du fromage fondant.<br data-start=\"308\" data-end=\"311\" \/>Id\u00e9al pour une pause rapide, chaude et d\u00e9licieuse \u00e0 tout moment de la journ\u00e9e.<\/p>\n","protected":false},"featured_media":10151,"comment_status":"closed","ping_status":"closed","template":"","meta":[],"product_brand":[],"product_cat":[179],"product_tag":[],"class_list":{"0":"post-10127","1":"product","2":"type-product","3":"status-publish","4":"has-post-thumbnail","6":"product_cat-tacos","8":"first","9":"instock","10":"shipping-taxable","11":"purchasable","12":"product-type-simple"},"_links":{"self":[{"href":"https:\/\/royalfood.ch\/fr_fr\/wp-json\/wp\/v2\/product\/10127","targetHints":{"allow":["GET"]}}],"collection":[{"href":"https:\/\/royalfood.ch\/fr_fr\/wp-json\/wp\/v2\/product"}],"about":[{"href":"https:\/\/royalfood.ch\/fr_fr\/wp-json\/wp\/v2\/types\/product"}],"replies":[{"embeddable":true,"href":"https:\/\/royalfood.ch\/fr_fr\/wp-json\/wp\/v2\/comments?post=10127"}],"wp:featuredmedia":[{"embeddable":true,"href":"https:\/\/royalfood.ch\/fr_fr\/wp-json\/wp\/v2\/media\/10151"}],"wp:attachment":[{"href":"https:\/\/royalfood.ch\/fr_fr\/wp-json\/wp\/v2\/media?parent=10127"}],"wp:term":[{"taxonomy":"product_brand","embeddable":true,"href":"https:\/\/royalfood.ch\/fr_fr\/wp-json\/wp\/v2\/product_brand?post=10127"},{"taxonomy":"product_cat","embeddable":true,"href":"https:\/\/royalfood.ch\/fr_fr\/wp-json\/wp\/v2\/product_cat?post=10127"},{"taxonomy":"product_tag","embeddable":true,"href":"https:\/\/royalfood.ch\/fr_fr\/wp-json\/wp\/v2\/product_tag?post=10127"}],"curies":[{"name":"wp","href":"https:\/\/api.w.org\/{rel}","templated":true}]}}