{"id":10656,"date":"2025-11-01T19:47:05","date_gmt":"2025-11-01T16:47:05","guid":{"rendered":"https:\/\/royalfood.ch\/?post_type=product&#038;p=10656"},"modified":"2025-11-01T19:47:38","modified_gmt":"2025-11-01T16:47:38","slug":"grande-baklava","status":"publish","type":"product","link":"https:\/\/royalfood.ch\/en\/product\/grande-baklava\/","title":{"rendered":"Grande Baklava"},"content":{"rendered":"<p>P\u00e2tisserie orientale \u00e0 base de p\u00e2te filo, de pistaches et de miel.<\/p>","protected":false},"excerpt":{"rendered":"<article class=\"text-token-text-primary w-full focus:outline-none [--shadow-height:45px] has-data-writing-block:pointer-events-none has-data-writing-block:-mt-(--shadow-height) has-data-writing-block:pt-(--shadow-height) [&amp;:has([data-writing-block])&gt;*]:pointer-events-auto [content-visibility:auto] supports-[content-visibility:auto]:[contain-intrinsic-size:auto_100lvh] scroll-mt-[calc(var(--header-height)+min(200px,max(70px,20svh)))]\" dir=\"auto\" tabindex=\"-1\" data-turn-id=\"request-690634de-4024-8328-a50c-fa2cff993e54-5\" data-testid=\"conversation-turn-162\" data-scroll-anchor=\"true\" data-turn=\"assistant\">\n<div class=\"text-base my-auto mx-auto pb-10 [--thread-content-margin:--spacing(4)] thread-sm:[--thread-content-margin:--spacing(6)] thread-lg:[--thread-content-margin:--spacing(16)] px-(--thread-content-margin)\">\n<div class=\"[--thread-content-max-width:40rem] thread-lg:[--thread-content-max-width:48rem] mx-auto max-w-(--thread-content-max-width) flex-1 group\/turn-messages focus-visible:outline-hidden relative flex w-full min-w-0 flex-col agent-turn\" tabindex=\"-1\">\n<div class=\"flex max-w-full flex-col grow\">\n<div class=\"min-h-8 text-message relative flex w-full flex-col items-end gap-2 text-start break-words whitespace-normal [.text-message+&amp;]:mt-1\" dir=\"auto\" data-message-author-role=\"assistant\" data-message-id=\"2d804126-58cd-441f-af3e-289a4b525625\" data-message-model-slug=\"gpt-5\">\n<div class=\"flex w-full flex-col gap-1 empty:hidden first:pt-[1px]\">\n<div class=\"markdown prose dark:prose-invert w-full break-words dark markdown-new-styling\">\n<p data-start=\"104\" data-end=\"374\">Riche, croustillante et parfum\u00e9e, la Grande Baklava est un dessert embl\u00e9matique du Proche-Orient, pr\u00e9par\u00e9 avec des feuilles de p\u00e2te filo ultra fines, garnies d\u2019un m\u00e9lange g\u00e9n\u00e9reux de pistaches concass\u00e9es et arros\u00e9es d\u2019un sirop au miel l\u00e9ger et parfum\u00e9.<\/p>\n<p data-start=\"376\" data-end=\"675\">Chaque bouch\u00e9e r\u00e9v\u00e8le un \u00e9quilibre parfait entre le croustillant de la p\u00e2te, la douceur du miel et la texture fondante des fruits secs. Pr\u00e9par\u00e9e selon la tradition, cette version maison est \u00e0 la fois dor\u00e9e, brillante et fondante, servie \u00e0 temp\u00e9rature id\u00e9ale pour en r\u00e9v\u00e9ler toutes les nuances.<\/p>\n<p data-start=\"677\" data-end=\"833\" data-is-last-node=\"\" data-is-only-node=\"\">Un dessert riche et raffin\u00e9, parfait pour conclure votre repas sur une note orientale et sucr\u00e9e \u2014 \u00e0 savourer avec un caf\u00e9 turc ou un th\u00e9 \u00e0 la menthe.<\/p>\n<\/div>\n<\/div>\n<\/div>\n<\/div>\n<div class=\"z-0 flex min-h-[46px] justify-start\"><\/div>\n<div class=\"mt-3 w-full empty:hidden\">\n<div class=\"text-center\"><\/div>\n<\/div>\n<\/div>\n<\/div>\n<\/article>\n<div class=\"pointer-events-none h-px w-px\" aria-hidden=\"true\" data-edge=\"true\"><\/div>","protected":false},"featured_media":0,"comment_status":"open","ping_status":"closed","template":"","meta":[],"product_brand":[191],"product_cat":[200],"product_tag":[],"class_list":{"0":"post-10656","1":"product","2":"type-product","3":"status-publish","5":"product_brand-royal-food","6":"product_cat-desserts","8":"first","9":"outofstock","10":"shipping-taxable","11":"purchasable","12":"product-type-simple"},"_links":{"self":[{"href":"https:\/\/royalfood.ch\/en\/wp-json\/wp\/v2\/product\/10656","targetHints":{"allow":["GET"]}}],"collection":[{"href":"https:\/\/royalfood.ch\/en\/wp-json\/wp\/v2\/product"}],"about":[{"href":"https:\/\/royalfood.ch\/en\/wp-json\/wp\/v2\/types\/product"}],"replies":[{"embeddable":true,"href":"https:\/\/royalfood.ch\/en\/wp-json\/wp\/v2\/comments?post=10656"}],"wp:attachment":[{"href":"https:\/\/royalfood.ch\/en\/wp-json\/wp\/v2\/media?parent=10656"}],"wp:term":[{"taxonomy":"product_brand","embeddable":true,"href":"https:\/\/royalfood.ch\/en\/wp-json\/wp\/v2\/product_brand?post=10656"},{"taxonomy":"product_cat","embeddable":true,"href":"https:\/\/royalfood.ch\/en\/wp-json\/wp\/v2\/product_cat?post=10656"},{"taxonomy":"product_tag","embeddable":true,"href":"https:\/\/royalfood.ch\/en\/wp-json\/wp\/v2\/product_tag?post=10656"}],"curies":[{"name":"wp","href":"https:\/\/api.w.org\/{rel}","templated":true}]}}