{"id":10650,"date":"2025-11-01T19:36:11","date_gmt":"2025-11-01T16:36:11","guid":{"rendered":"https:\/\/royalfood.ch\/?post_type=product&#038;p=10650"},"modified":"2025-11-01T19:43:17","modified_gmt":"2025-11-01T16:43:17","slug":"tiramusu-maison-recette-italienne","status":"publish","type":"product","link":"https:\/\/royalfood.ch\/en\/product\/tiramusu-maison-recette-italienne\/","title":{"rendered":"Tiramusu Maison Recette Italienne"},"content":{"rendered":"<div data-qa=\"text\">Recette italienne traditionnelle, pr\u00e9par\u00e9e maison avec mascarpone, caf\u00e9 et cacao.<\/div>\n<div data-qa=\"text\"><\/div>\n<div class=\"rWs5G item-details-style_formatted-description-offset-top__s23Nz\" data-qa=\"text\">0,35l,\u00a0<span data-qa=\"text\"><span class=\"formatted-currency-style_content__VNVsV\" aria-hidden=\"false\">22,86\u00a0CHF<\/span><\/span>\/1l<\/div>","protected":false},"excerpt":{"rendered":"<article class=\"text-token-text-primary w-full focus:outline-none [--shadow-height:45px] has-data-writing-block:pointer-events-none has-data-writing-block:-mt-(--shadow-height) has-data-writing-block:pt-(--shadow-height) [&amp;:has([data-writing-block])&gt;*]:pointer-events-auto [content-visibility:auto] supports-[content-visibility:auto]:[contain-intrinsic-size:auto_100lvh] scroll-mt-[calc(var(--header-height)+min(200px,max(70px,20svh)))]\" dir=\"auto\" tabindex=\"-1\" data-turn-id=\"d067b468-5fcb-47f7-a154-eae3d9eb23dc\" data-testid=\"conversation-turn-156\" data-scroll-anchor=\"true\" data-turn=\"assistant\">\n<div class=\"text-base my-auto mx-auto pb-10 [--thread-content-margin:--spacing(4)] thread-sm:[--thread-content-margin:--spacing(6)] thread-lg:[--thread-content-margin:--spacing(16)] px-(--thread-content-margin)\">\n<div class=\"[--thread-content-max-width:40rem] thread-lg:[--thread-content-max-width:48rem] mx-auto max-w-(--thread-content-max-width) flex-1 group\/turn-messages focus-visible:outline-hidden relative flex w-full min-w-0 flex-col agent-turn\" tabindex=\"-1\">\n<div class=\"flex max-w-full flex-col grow\">\n<div class=\"min-h-8 text-message relative flex w-full flex-col items-end gap-2 text-start break-words whitespace-normal [.text-message+&amp;]:mt-1\" dir=\"auto\" data-message-author-role=\"assistant\" data-message-id=\"d067b468-5fcb-47f7-a154-eae3d9eb23dc\" data-message-model-slug=\"gpt-5\">\n<div class=\"flex w-full flex-col gap-1 empty:hidden first:pt-[1px]\">\n<div class=\"markdown prose dark:prose-invert w-full break-words dark markdown-new-styling\">\n<p data-start=\"120\" data-end=\"496\">Cr\u00e9meux, raffin\u00e9 et plein de douceur, le Tiramisu Maison est un hommage \u00e0 la p\u00e2tisserie italienne dans toute son authenticit\u00e9. Pr\u00e9par\u00e9 selon la recette traditionnelle de la r\u00e9gion de Tr\u00e9vise, ce dessert embl\u00e9matique associe des biscuits imbib\u00e9s de caf\u00e9 cors\u00e9 \u00e0 une cr\u00e8me l\u00e9g\u00e8re et onctueuse au mascarpone, fouett\u00e9e avec des \u0153ufs frais et une pointe de sucre.<\/p>\n<p data-start=\"498\" data-end=\"700\">Chaque couche r\u00e9v\u00e8le un \u00e9quilibre parfait entre l\u2019amertume subtile du caf\u00e9 et la richesse velout\u00e9e du mascarpone, le tout d\u00e9licatement saupoudr\u00e9 de cacao pur pour une finition intense et \u00e9l\u00e9gante.<\/p>\n<p data-start=\"702\" data-end=\"852\">Pr\u00e9par\u00e9 chaque jour avec soin, ce tiramisu est fait maison, sans ajout artificiel, pour pr\u00e9server toute la finesse et la l\u00e9g\u00e8ret\u00e9 de sa texture.<\/p>\n<p data-start=\"854\" data-end=\"997\" data-is-last-node=\"\" data-is-only-node=\"\">Un dessert culte de l\u2019Italie, \u00e0 la fois gourmand et a\u00e9rien \u2014 parfait pour terminer votre repas sur une note douce, riche et inoubliable.<\/p>\n<\/div>\n<\/div>\n<\/div>\n<\/div>\n<\/div>\n<\/div>\n<\/article>","protected":false},"featured_media":10652,"comment_status":"open","ping_status":"closed","template":"","meta":[],"product_brand":[191],"product_cat":[200],"product_tag":[],"class_list":{"0":"post-10650","1":"product","2":"type-product","3":"status-publish","4":"has-post-thumbnail","6":"product_brand-royal-food","7":"product_cat-desserts","9":"first","10":"instock","11":"shipping-taxable","12":"purchasable","13":"product-type-simple"},"_links":{"self":[{"href":"https:\/\/royalfood.ch\/en\/wp-json\/wp\/v2\/product\/10650","targetHints":{"allow":["GET"]}}],"collection":[{"href":"https:\/\/royalfood.ch\/en\/wp-json\/wp\/v2\/product"}],"about":[{"href":"https:\/\/royalfood.ch\/en\/wp-json\/wp\/v2\/types\/product"}],"replies":[{"embeddable":true,"href":"https:\/\/royalfood.ch\/en\/wp-json\/wp\/v2\/comments?post=10650"}],"wp:featuredmedia":[{"embeddable":true,"href":"https:\/\/royalfood.ch\/en\/wp-json\/wp\/v2\/media\/10652"}],"wp:attachment":[{"href":"https:\/\/royalfood.ch\/en\/wp-json\/wp\/v2\/media?parent=10650"}],"wp:term":[{"taxonomy":"product_brand","embeddable":true,"href":"https:\/\/royalfood.ch\/en\/wp-json\/wp\/v2\/product_brand?post=10650"},{"taxonomy":"product_cat","embeddable":true,"href":"https:\/\/royalfood.ch\/en\/wp-json\/wp\/v2\/product_cat?post=10650"},{"taxonomy":"product_tag","embeddable":true,"href":"https:\/\/royalfood.ch\/en\/wp-json\/wp\/v2\/product_tag?post=10650"}],"curies":[{"name":"wp","href":"https:\/\/api.w.org\/{rel}","templated":true}]}}