{"id":10648,"date":"2025-11-01T19:32:42","date_gmt":"2025-11-01T16:32:42","guid":{"rendered":"https:\/\/royalfood.ch\/?post_type=product&#038;p=10648"},"modified":"2025-11-01T19:35:52","modified_gmt":"2025-11-01T16:35:52","slug":"tiramisu-chocolat-speculoos","status":"publish","type":"product","link":"https:\/\/royalfood.ch\/en\/product\/tiramisu-chocolat-speculoos\/","title":{"rendered":"Tiramisu Chocolat Speculoos"},"content":{"rendered":"<div class=\"rWs5G item-details-style_formatted-description-offset-top__s23Nz\" data-qa=\"text\">Dessert onctueux au mascarpone, chocolat et biscuits sp\u00e9culoos.<\/div>","protected":false},"excerpt":{"rendered":"<article class=\"text-token-text-primary w-full focus:outline-none [--shadow-height:45px] has-data-writing-block:pointer-events-none has-data-writing-block:-mt-(--shadow-height) has-data-writing-block:pt-(--shadow-height) [&amp;:has([data-writing-block])&gt;*]:pointer-events-auto [content-visibility:auto] supports-[content-visibility:auto]:[contain-intrinsic-size:auto_100lvh] scroll-mt-[calc(var(--header-height)+min(200px,max(70px,20svh)))]\" dir=\"auto\" tabindex=\"-1\" data-turn-id=\"d067b468-5fcb-47f7-a154-eae3d9eb23dc\" data-testid=\"conversation-turn-156\" data-scroll-anchor=\"true\" data-turn=\"assistant\">\n<div class=\"text-base my-auto mx-auto pb-10 [--thread-content-margin:--spacing(4)] thread-sm:[--thread-content-margin:--spacing(6)] thread-lg:[--thread-content-margin:--spacing(16)] px-(--thread-content-margin)\">\n<div class=\"[--thread-content-max-width:40rem] thread-lg:[--thread-content-max-width:48rem] mx-auto max-w-(--thread-content-max-width) flex-1 group\/turn-messages focus-visible:outline-hidden relative flex w-full min-w-0 flex-col agent-turn\" tabindex=\"-1\">\n<div class=\"flex max-w-full flex-col grow\">\n<div class=\"min-h-8 text-message relative flex w-full flex-col items-end gap-2 text-start break-words whitespace-normal [.text-message+&amp;]:mt-1\" dir=\"auto\" data-message-author-role=\"assistant\" data-message-id=\"d067b468-5fcb-47f7-a154-eae3d9eb23dc\" data-message-model-slug=\"gpt-5\">\n<div class=\"flex w-full flex-col gap-1 empty:hidden first:pt-[1px]\">\n<div class=\"markdown prose dark:prose-invert w-full break-words dark markdown-new-styling\">\n<p data-start=\"114\" data-end=\"436\">Gourmand et fondant, le Tiramisu Chocolat Sp\u00e9culoos revisite le c\u00e9l\u00e8bre dessert italien avec une touche belge irr\u00e9sistible. Pr\u00e9par\u00e9 avec une cr\u00e8me l\u00e9g\u00e8re au mascarpone, des biscuits sp\u00e9culoos l\u00e9g\u00e8rement caram\u00e9lis\u00e9s et une couche de cacao intense, il offre un \u00e9quilibre parfait entre douceur et caract\u00e8re.<\/p>\n<p data-start=\"438\" data-end=\"624\">Les notes \u00e9pic\u00e9es du sp\u00e9culoos se marient \u00e0 merveille avec la richesse du chocolat et la finesse de la cr\u00e8me, cr\u00e9ant un contraste de textures \u00e0 la fois croustillant et fondant.<\/p>\n<p data-start=\"626\" data-end=\"815\" data-is-last-node=\"\" data-is-only-node=\"\">Un dessert raffin\u00e9 et g\u00e9n\u00e9reux, id\u00e9al pour les amateurs de chocolat et de saveurs \u00e9pic\u00e9es \u2014 \u00e0 savourer bien frais pour une exp\u00e9rience douce, cr\u00e9meuse et d\u00e9licieusement r\u00e9confortante.<\/p>\n<\/div>\n<\/div>\n<\/div>\n<\/div>\n<div class=\"z-0 flex min-h-[46px] justify-start\"><\/div>\n<\/div>\n<\/div>\n<\/article>\n<div class=\"pointer-events-none h-px w-px\" aria-hidden=\"true\" data-edge=\"true\"><\/div>","protected":false},"featured_media":10649,"comment_status":"open","ping_status":"closed","template":"","meta":[],"product_brand":[191],"product_cat":[200],"product_tag":[],"class_list":{"0":"post-10648","1":"product","2":"type-product","3":"status-publish","4":"has-post-thumbnail","6":"product_brand-royal-food","7":"product_cat-desserts","9":"first","10":"instock","11":"shipping-taxable","12":"purchasable","13":"product-type-simple"},"_links":{"self":[{"href":"https:\/\/royalfood.ch\/en\/wp-json\/wp\/v2\/product\/10648","targetHints":{"allow":["GET"]}}],"collection":[{"href":"https:\/\/royalfood.ch\/en\/wp-json\/wp\/v2\/product"}],"about":[{"href":"https:\/\/royalfood.ch\/en\/wp-json\/wp\/v2\/types\/product"}],"replies":[{"embeddable":true,"href":"https:\/\/royalfood.ch\/en\/wp-json\/wp\/v2\/comments?post=10648"}],"wp:featuredmedia":[{"embeddable":true,"href":"https:\/\/royalfood.ch\/en\/wp-json\/wp\/v2\/media\/10649"}],"wp:attachment":[{"href":"https:\/\/royalfood.ch\/en\/wp-json\/wp\/v2\/media?parent=10648"}],"wp:term":[{"taxonomy":"product_brand","embeddable":true,"href":"https:\/\/royalfood.ch\/en\/wp-json\/wp\/v2\/product_brand?post=10648"},{"taxonomy":"product_cat","embeddable":true,"href":"https:\/\/royalfood.ch\/en\/wp-json\/wp\/v2\/product_cat?post=10648"},{"taxonomy":"product_tag","embeddable":true,"href":"https:\/\/royalfood.ch\/en\/wp-json\/wp\/v2\/product_tag?post=10648"}],"curies":[{"name":"wp","href":"https:\/\/api.w.org\/{rel}","templated":true}]}}