{"id":10647,"date":"2025-11-01T19:31:16","date_gmt":"2025-11-01T16:31:16","guid":{"rendered":"https:\/\/royalfood.ch\/?post_type=product&#038;p=10647"},"modified":"2025-11-01T19:32:06","modified_gmt":"2025-11-01T16:32:06","slug":"dessert-turc-baklava-4-pieces","status":"publish","type":"product","link":"https:\/\/royalfood.ch\/en\/product\/dessert-turc-baklava-4-pieces\/","title":{"rendered":"Dessert Turc Baklava (4 pi\u00e8ces)"},"content":{"rendered":"<div class=\"rWs5G item-details-style_formatted-description-offset-top__s23Nz\" data-qa=\"text\">Sucr\u00e9, feuillet\u00e9 et garni de pistaches.<\/div>\n<div data-qa=\"text\"><\/div>\n<div data-qa=\"util\">\n<div data-qa=\"text\"><span data-qa=\"menu-product-info-cdn\">0,01l,\u00a0<span class=\"formatted-currency-style_content__VNVsV\" aria-hidden=\"false\">250,00\u00a0CHF<\/span>\/1l<\/span><\/div>\n<\/div>","protected":false},"excerpt":{"rendered":"<p data-start=\"94\" data-end=\"459\">G\u00e9n\u00e9reux et raffin\u00e9, le Baklava est l\u2019un des tr\u00e9sors de la p\u00e2tisserie turque et orientale. Pr\u00e9par\u00e9 \u00e0 partir de plusieurs couches de p\u00e2te filo ultra-fine, dor\u00e9es au beurre et garnies d\u2019un m\u00e9lange de pistaches concass\u00e9es, il est ensuite napp\u00e9 d\u2019un sirop parfum\u00e9 au miel ou \u00e0 la fleur d\u2019oranger qui lui conf\u00e8re sa texture fondante et son go\u00fbt unique.<\/p>\n<p data-start=\"461\" data-end=\"609\">Chaque pi\u00e8ce est \u00e0 la fois croustillante et moelleuse, m\u00ealant la douceur du sirop \u00e0 la richesse du beurre et \u00e0 l\u2019ar\u00f4me intense de la pistache.<\/p>\n<p data-start=\"611\" data-end=\"734\">Servi en portion de quatre pi\u00e8ces, ce dessert est id\u00e9al \u00e0 partager ou \u00e0 savourer en toute gourmandise apr\u00e8s un repas.<\/p>\n<p data-start=\"736\" data-end=\"882\" data-is-last-node=\"\" data-is-only-node=\"\">Un classique sucr\u00e9 d\u2019Orient, \u00e0 d\u00e9guster avec un caf\u00e9 turc ou un th\u00e9 \u00e0 la menthe pour une exp\u00e9rience authentique et d\u00e9licieusement parfum\u00e9e.<\/p>","protected":false},"featured_media":10646,"comment_status":"open","ping_status":"closed","template":"","meta":[],"product_brand":[191],"product_cat":[200],"product_tag":[],"class_list":{"0":"post-10647","1":"product","2":"type-product","3":"status-publish","4":"has-post-thumbnail","6":"product_brand-royal-food","7":"product_cat-desserts","9":"first","10":"instock","11":"shipping-taxable","12":"purchasable","13":"product-type-simple"},"_links":{"self":[{"href":"https:\/\/royalfood.ch\/en\/wp-json\/wp\/v2\/product\/10647","targetHints":{"allow":["GET"]}}],"collection":[{"href":"https:\/\/royalfood.ch\/en\/wp-json\/wp\/v2\/product"}],"about":[{"href":"https:\/\/royalfood.ch\/en\/wp-json\/wp\/v2\/types\/product"}],"replies":[{"embeddable":true,"href":"https:\/\/royalfood.ch\/en\/wp-json\/wp\/v2\/comments?post=10647"}],"wp:featuredmedia":[{"embeddable":true,"href":"https:\/\/royalfood.ch\/en\/wp-json\/wp\/v2\/media\/10646"}],"wp:attachment":[{"href":"https:\/\/royalfood.ch\/en\/wp-json\/wp\/v2\/media?parent=10647"}],"wp:term":[{"taxonomy":"product_brand","embeddable":true,"href":"https:\/\/royalfood.ch\/en\/wp-json\/wp\/v2\/product_brand?post=10647"},{"taxonomy":"product_cat","embeddable":true,"href":"https:\/\/royalfood.ch\/en\/wp-json\/wp\/v2\/product_cat?post=10647"},{"taxonomy":"product_tag","embeddable":true,"href":"https:\/\/royalfood.ch\/en\/wp-json\/wp\/v2\/product_tag?post=10647"}],"curies":[{"name":"wp","href":"https:\/\/api.w.org\/{rel}","templated":true}]}}