{"id":10645,"date":"2025-11-01T19:24:18","date_gmt":"2025-11-01T16:24:18","guid":{"rendered":"https:\/\/royalfood.ch\/?post_type=product&#038;p=10645"},"modified":"2025-11-01T19:29:07","modified_gmt":"2025-11-01T16:29:07","slug":"dessert-turc-baklava","status":"publish","type":"product","link":"https:\/\/royalfood.ch\/en\/product\/dessert-turc-baklava\/","title":{"rendered":"Dessert Turc Baklava"},"content":{"rendered":"<div class=\"rWs5G item-details-style_formatted-description-offset-top__s23Nz\" data-qa=\"text\">Sucr\u00e9, feuillet\u00e9 et garni de pistaches.<\/div>\n<div data-qa=\"text\"><\/div>\n<div data-qa=\"util\">\n<div data-qa=\"text\"><span data-qa=\"menu-product-info-cdn\">0,01l,\u00a0<span class=\"formatted-currency-style_content__VNVsV\" aria-hidden=\"false\">250,00\u00a0CHF<\/span>\/1l<\/span><\/div>\n<\/div>","protected":false},"excerpt":{"rendered":"<article class=\"text-token-text-primary w-full focus:outline-none [--shadow-height:45px] has-data-writing-block:pointer-events-none has-data-writing-block:-mt-(--shadow-height) has-data-writing-block:pt-(--shadow-height) [&amp;:has([data-writing-block])&gt;*]:pointer-events-auto [content-visibility:auto] supports-[content-visibility:auto]:[contain-intrinsic-size:auto_100lvh] scroll-mt-[calc(var(--header-height)+min(200px,max(70px,20svh)))]\" dir=\"auto\" tabindex=\"-1\" data-turn-id=\"request-6904b5fc-d248-8330-88ca-736dd36ff01b-66\" data-testid=\"conversation-turn-146\" data-scroll-anchor=\"true\" data-turn=\"assistant\">\n<div class=\"text-base my-auto mx-auto pb-10 [--thread-content-margin:--spacing(4)] thread-sm:[--thread-content-margin:--spacing(6)] thread-lg:[--thread-content-margin:--spacing(16)] px-(--thread-content-margin)\">\n<div class=\"[--thread-content-max-width:40rem] thread-lg:[--thread-content-max-width:48rem] mx-auto max-w-(--thread-content-max-width) flex-1 group\/turn-messages focus-visible:outline-hidden relative flex w-full min-w-0 flex-col agent-turn\" tabindex=\"-1\">\n<div class=\"flex max-w-full flex-col grow\">\n<div class=\"min-h-8 text-message relative flex w-full flex-col items-end gap-2 text-start break-words whitespace-normal [.text-message+&amp;]:mt-1\" dir=\"auto\" data-message-author-role=\"assistant\" data-message-id=\"fe7a3338-d4c5-4c8c-9b0c-570d0b787688\" data-message-model-slug=\"gpt-5\">\n<div class=\"flex w-full flex-col gap-1 empty:hidden first:pt-[1px]\">\n<div class=\"markdown prose dark:prose-invert w-full break-words dark markdown-new-styling\">\n<p data-start=\"83\" data-end=\"427\">Symbole de la p\u00e2tisserie orientale, le Baklava est un dessert raffin\u00e9 qui allie croquant, douceur et parfum. Pr\u00e9par\u00e9 \u00e0 partir de fines couches de p\u00e2te filo, d\u00e9licatement beurr\u00e9es et superpos\u00e9es, il est garni d\u2019un m\u00e9lange de pistaches finement moulues avant d\u2019\u00eatre cuit jusqu\u2019\u00e0 obtenir une couleur dor\u00e9e et un croustillant parfait.<\/p>\n<p data-start=\"429\" data-end=\"648\">Une fois sorti du four, il est d\u00e9licatement arros\u00e9 d\u2019un sirop de miel et de sucre parfum\u00e9 \u00e0 la fleur d\u2019oranger ou au citron, qui impr\u00e8gne la p\u00e2te et lui donne sa texture fondante et son go\u00fbt sucr\u00e9 caract\u00e9ristique.<\/p>\n<p data-start=\"650\" data-end=\"788\">Chaque bouch\u00e9e r\u00e9v\u00e8le un \u00e9quilibre entre le croquant des couches feuillet\u00e9es, la richesse du beurre et la saveur intense de la pistache.<\/p>\n<p data-start=\"790\" data-end=\"953\" data-is-last-node=\"\" data-is-only-node=\"\">Un dessert oriental incontournable, \u00e0 savourer avec un caf\u00e9 turc, un th\u00e9 \u00e0 la menthe ou simplement pour une touche sucr\u00e9e pleine de tradition et d\u2019\u00e9l\u00e9gance.<\/p>\n<\/div>\n<\/div>\n<\/div>\n<\/div>\n<\/div>\n<\/div>\n<\/article>","protected":false},"featured_media":10646,"comment_status":"open","ping_status":"closed","template":"","meta":[],"product_brand":[191],"product_cat":[200],"product_tag":[],"class_list":{"0":"post-10645","1":"product","2":"type-product","3":"status-publish","4":"has-post-thumbnail","6":"product_brand-royal-food","7":"product_cat-desserts","9":"first","10":"instock","11":"shipping-taxable","12":"purchasable","13":"product-type-simple"},"_links":{"self":[{"href":"https:\/\/royalfood.ch\/en\/wp-json\/wp\/v2\/product\/10645","targetHints":{"allow":["GET"]}}],"collection":[{"href":"https:\/\/royalfood.ch\/en\/wp-json\/wp\/v2\/product"}],"about":[{"href":"https:\/\/royalfood.ch\/en\/wp-json\/wp\/v2\/types\/product"}],"replies":[{"embeddable":true,"href":"https:\/\/royalfood.ch\/en\/wp-json\/wp\/v2\/comments?post=10645"}],"wp:featuredmedia":[{"embeddable":true,"href":"https:\/\/royalfood.ch\/en\/wp-json\/wp\/v2\/media\/10646"}],"wp:attachment":[{"href":"https:\/\/royalfood.ch\/en\/wp-json\/wp\/v2\/media?parent=10645"}],"wp:term":[{"taxonomy":"product_brand","embeddable":true,"href":"https:\/\/royalfood.ch\/en\/wp-json\/wp\/v2\/product_brand?post=10645"},{"taxonomy":"product_cat","embeddable":true,"href":"https:\/\/royalfood.ch\/en\/wp-json\/wp\/v2\/product_cat?post=10645"},{"taxonomy":"product_tag","embeddable":true,"href":"https:\/\/royalfood.ch\/en\/wp-json\/wp\/v2\/product_tag?post=10645"}],"curies":[{"name":"wp","href":"https:\/\/api.w.org\/{rel}","templated":true}]}}