{"id":10643,"date":"2025-11-01T19:22:39","date_gmt":"2025-11-01T16:22:39","guid":{"rendered":"https:\/\/royalfood.ch\/?post_type=product&#038;p=10643"},"modified":"2025-11-01T19:22:39","modified_gmt":"2025-11-01T16:22:39","slug":"mousse-chocolat","status":"publish","type":"product","link":"https:\/\/royalfood.ch\/en\/product\/mousse-chocolat\/","title":{"rendered":"Mousse Chocolat"},"content":{"rendered":"<p>Dessert onctueux au chocolat noir, pr\u00e9par\u00e9 maison.<\/p>","protected":false},"excerpt":{"rendered":"<p data-start=\"92\" data-end=\"389\">L\u00e9g\u00e8re, fondante et irr\u00e9sistiblement gourmande, la Mousse au Chocolat est un grand classique qui s\u00e9duit tous les amateurs de douceurs. Pr\u00e9par\u00e9e avec du chocolat noir de qualit\u00e9, elle offre une texture a\u00e9rienne et un go\u00fbt riche en cacao, parfaitement \u00e9quilibr\u00e9 entre douceur et intensit\u00e9.<\/p>\n<p data-start=\"391\" data-end=\"489\">Servie fra\u00eeche, cette mousse onctueuse fond en bouche et r\u00e9v\u00e8le toute la profondeur du chocolat.<\/p>\n<p data-start=\"491\" data-end=\"654\" data-is-last-node=\"\" data-is-only-node=\"\">Un dessert simple et raffin\u00e9, id\u00e9al pour terminer votre repas sur une note douce et chocolat\u00e9e \u2014 un vrai plaisir pour les papilles des amoureux du chocolat.<\/p>","protected":false},"featured_media":0,"comment_status":"open","ping_status":"closed","template":"","meta":[],"product_brand":[191],"product_cat":[200],"product_tag":[],"class_list":{"0":"post-10643","1":"product","2":"type-product","3":"status-publish","5":"product_brand-royal-food","6":"product_cat-desserts","8":"first","9":"instock","10":"shipping-taxable","11":"purchasable","12":"product-type-simple"},"_links":{"self":[{"href":"https:\/\/royalfood.ch\/en\/wp-json\/wp\/v2\/product\/10643","targetHints":{"allow":["GET"]}}],"collection":[{"href":"https:\/\/royalfood.ch\/en\/wp-json\/wp\/v2\/product"}],"about":[{"href":"https:\/\/royalfood.ch\/en\/wp-json\/wp\/v2\/types\/product"}],"replies":[{"embeddable":true,"href":"https:\/\/royalfood.ch\/en\/wp-json\/wp\/v2\/comments?post=10643"}],"wp:attachment":[{"href":"https:\/\/royalfood.ch\/en\/wp-json\/wp\/v2\/media?parent=10643"}],"wp:term":[{"taxonomy":"product_brand","embeddable":true,"href":"https:\/\/royalfood.ch\/en\/wp-json\/wp\/v2\/product_brand?post=10643"},{"taxonomy":"product_cat","embeddable":true,"href":"https:\/\/royalfood.ch\/en\/wp-json\/wp\/v2\/product_cat?post=10643"},{"taxonomy":"product_tag","embeddable":true,"href":"https:\/\/royalfood.ch\/en\/wp-json\/wp\/v2\/product_tag?post=10643"}],"curies":[{"name":"wp","href":"https:\/\/api.w.org\/{rel}","templated":true}]}}