{"id":10638,"date":"2025-11-01T19:15:36","date_gmt":"2025-11-01T16:15:36","guid":{"rendered":"https:\/\/royalfood.ch\/?post_type=product&#038;p=10638"},"modified":"2025-11-01T19:17:57","modified_gmt":"2025-11-01T16:17:57","slug":"portion-frites-xl","status":"publish","type":"product","link":"https:\/\/royalfood.ch\/en\/product\/portion-frites-xl\/","title":{"rendered":"Portion Frites XL"},"content":{"rendered":"<p>Frites dor\u00e9es et croustillantes, servies chaudes.<\/p>","protected":false},"excerpt":{"rendered":"<p data-start=\"96\" data-end=\"393\">Ultra-g\u00e9n\u00e9reuse et irr\u00e9sistiblement gourmande, la Portion Frites XL est faite pour les grands app\u00e9tits ou les vrais passionn\u00e9s de frites ! Pr\u00e9par\u00e9es \u00e0 partir de pommes de terre de qualit\u00e9, elles sont dor\u00e9es \u00e0 la perfection pour offrir une texture \u00e0 la fois croquante et fondante.<\/p>\n<p data-start=\"395\" data-end=\"580\">Servies bien chaudes, l\u00e9g\u00e8rement sal\u00e9es, elles accompagnent parfaitement tous vos plats \u2014 burgers, pides, paninis ou viandes \u2014 ou se d\u00e9gustent seules avec la sauce de votre choix.<\/p>\n<p data-start=\"582\" data-end=\"720\" data-is-last-node=\"\" data-is-only-node=\"\">Un plaisir XXL, id\u00e9al \u00e0 partager entre amis ou \u00e0 savourer sans mod\u00e9ration pour une exp\u00e9rience 100 % croustillante et r\u00e9confortante.<\/p>","protected":false},"featured_media":0,"comment_status":"open","ping_status":"closed","template":"","meta":[],"product_brand":[191],"product_cat":[199],"product_tag":[],"class_list":{"0":"post-10638","1":"product","2":"type-product","3":"status-publish","5":"product_brand-royal-food","6":"product_cat-snacks","8":"first","9":"instock","10":"shipping-taxable","11":"purchasable","12":"product-type-simple"},"_links":{"self":[{"href":"https:\/\/royalfood.ch\/en\/wp-json\/wp\/v2\/product\/10638","targetHints":{"allow":["GET"]}}],"collection":[{"href":"https:\/\/royalfood.ch\/en\/wp-json\/wp\/v2\/product"}],"about":[{"href":"https:\/\/royalfood.ch\/en\/wp-json\/wp\/v2\/types\/product"}],"replies":[{"embeddable":true,"href":"https:\/\/royalfood.ch\/en\/wp-json\/wp\/v2\/comments?post=10638"}],"wp:attachment":[{"href":"https:\/\/royalfood.ch\/en\/wp-json\/wp\/v2\/media?parent=10638"}],"wp:term":[{"taxonomy":"product_brand","embeddable":true,"href":"https:\/\/royalfood.ch\/en\/wp-json\/wp\/v2\/product_brand?post=10638"},{"taxonomy":"product_cat","embeddable":true,"href":"https:\/\/royalfood.ch\/en\/wp-json\/wp\/v2\/product_cat?post=10638"},{"taxonomy":"product_tag","embeddable":true,"href":"https:\/\/royalfood.ch\/en\/wp-json\/wp\/v2\/product_tag?post=10638"}],"curies":[{"name":"wp","href":"https:\/\/api.w.org\/{rel}","templated":true}]}}