{"id":10634,"date":"2025-11-01T19:11:00","date_gmt":"2025-11-01T16:11:00","guid":{"rendered":"https:\/\/royalfood.ch\/?post_type=product&#038;p=10634"},"modified":"2025-11-01T19:46:52","modified_gmt":"2025-11-01T16:46:52","slug":"bruschetta","status":"publish","type":"product","link":"https:\/\/royalfood.ch\/en\/product\/bruschetta\/","title":{"rendered":"Bruschetta"},"content":{"rendered":"<p data-start=\"0\" data-end=\"123\">Pain grill\u00e9 garni de tomates fra\u00eeches, ail, basilic et huile d\u2019olive.<\/p>","protected":false},"excerpt":{"rendered":"<article class=\"text-token-text-primary w-full focus:outline-none [--shadow-height:45px] has-data-writing-block:pointer-events-none has-data-writing-block:-mt-(--shadow-height) has-data-writing-block:pt-(--shadow-height) [&amp;:has([data-writing-block])&gt;*]:pointer-events-auto [content-visibility:auto] supports-[content-visibility:auto]:[contain-intrinsic-size:auto_100lvh] scroll-mt-[calc(var(--header-height)+min(200px,max(70px,20svh)))]\" dir=\"auto\" tabindex=\"-1\" data-turn-id=\"request-6904b5fc-d248-8330-88ca-736dd36ff01b-56\" data-testid=\"conversation-turn-126\" data-scroll-anchor=\"true\" data-turn=\"assistant\">\n<div class=\"text-base my-auto mx-auto pb-10 [--thread-content-margin:--spacing(4)] thread-sm:[--thread-content-margin:--spacing(6)] thread-lg:[--thread-content-margin:--spacing(16)] px-(--thread-content-margin)\">\n<div class=\"[--thread-content-max-width:40rem] thread-lg:[--thread-content-max-width:48rem] mx-auto max-w-(--thread-content-max-width) flex-1 group\/turn-messages focus-visible:outline-hidden relative flex w-full min-w-0 flex-col agent-turn\" tabindex=\"-1\">\n<div class=\"flex max-w-full flex-col grow\">\n<div class=\"min-h-8 text-message relative flex w-full flex-col items-end gap-2 text-start break-words whitespace-normal [.text-message+&amp;]:mt-1\" dir=\"auto\" data-message-author-role=\"assistant\" data-message-id=\"55d84ff4-181b-4793-b3fe-ff00440ad5ca\" data-message-model-slug=\"gpt-5\">\n<div class=\"flex w-full flex-col gap-1 empty:hidden first:pt-[1px]\">\n<div class=\"markdown prose dark:prose-invert w-full break-words dark markdown-new-styling\">\n<p data-start=\"104\" data-end=\"478\">Simple, parfum\u00e9e et pleine de soleil, la Bruschetta est une v\u00e9ritable invitation aux saveurs de l\u2019Italie. Pr\u00e9par\u00e9e sur du pain artisanal grill\u00e9, frott\u00e9 \u00e0 l\u2019ail et arros\u00e9 d\u2019un filet d\u2019huile d\u2019olive extra vierge, elle est ensuite garnie de tomates fra\u00eeches coup\u00e9es en d\u00e9s et relev\u00e9es d\u2019un peu de basilic pour une touche aromatique et rafra\u00eechissante.<\/p>\n<p data-start=\"480\" data-end=\"614\">Chaque bouch\u00e9e offre un \u00e9quilibre parfait entre le croustillant du pain, la fra\u00eecheur des l\u00e9gumes et la richesse de l\u2019huile d\u2019olive.<\/p>\n<p data-start=\"616\" data-end=\"774\" data-is-last-node=\"\" data-is-only-node=\"\">Une entr\u00e9e l\u00e9g\u00e8re et savoureuse, parfaite pour \u00e9veiller les papilles ou accompagner un ap\u00e9ritif m\u00e9diterran\u00e9en, servie chaude ou \u00e0 temp\u00e9rature ambiante.<\/p>\n<\/div>\n<\/div>\n<\/div>\n<\/div>\n<div class=\"z-0 flex min-h-[46px] justify-start\"><\/div>\n<div class=\"mt-3 w-full empty:hidden\">\n<div class=\"text-center\"><\/div>\n<\/div>\n<\/div>\n<\/div>\n<\/article>\n<div class=\"pointer-events-none h-px w-px\" aria-hidden=\"true\" data-edge=\"true\"><\/div>","protected":false},"featured_media":0,"comment_status":"open","ping_status":"closed","template":"","meta":[],"product_brand":[191],"product_cat":[190],"product_tag":[],"class_list":{"0":"post-10634","1":"product","2":"type-product","3":"status-publish","5":"product_brand-royal-food","6":"product_cat-salades","8":"first","9":"outofstock","10":"shipping-taxable","11":"purchasable","12":"product-type-simple"},"_links":{"self":[{"href":"https:\/\/royalfood.ch\/en\/wp-json\/wp\/v2\/product\/10634","targetHints":{"allow":["GET"]}}],"collection":[{"href":"https:\/\/royalfood.ch\/en\/wp-json\/wp\/v2\/product"}],"about":[{"href":"https:\/\/royalfood.ch\/en\/wp-json\/wp\/v2\/types\/product"}],"replies":[{"embeddable":true,"href":"https:\/\/royalfood.ch\/en\/wp-json\/wp\/v2\/comments?post=10634"}],"wp:attachment":[{"href":"https:\/\/royalfood.ch\/en\/wp-json\/wp\/v2\/media?parent=10634"}],"wp:term":[{"taxonomy":"product_brand","embeddable":true,"href":"https:\/\/royalfood.ch\/en\/wp-json\/wp\/v2\/product_brand?post=10634"},{"taxonomy":"product_cat","embeddable":true,"href":"https:\/\/royalfood.ch\/en\/wp-json\/wp\/v2\/product_cat?post=10634"},{"taxonomy":"product_tag","embeddable":true,"href":"https:\/\/royalfood.ch\/en\/wp-json\/wp\/v2\/product_tag?post=10634"}],"curies":[{"name":"wp","href":"https:\/\/api.w.org\/{rel}","templated":true}]}}