{"id":10633,"date":"2025-11-01T19:09:49","date_gmt":"2025-11-01T16:09:49","guid":{"rendered":"https:\/\/royalfood.ch\/?post_type=product&#038;p=10633"},"modified":"2025-11-01T19:10:37","modified_gmt":"2025-11-01T16:10:37","slug":"salade-de-chevre","status":"publish","type":"product","link":"https:\/\/royalfood.ch\/en\/product\/salade-de-chevre\/","title":{"rendered":"Salade De Ch\u00e8vre"},"content":{"rendered":"<p data-start=\"0\" data-end=\"123\">Salade avec tomate, carotte, chou rouge, concombre et fromage de ch\u00e8vre.<\/p>","protected":false},"excerpt":{"rendered":"<p data-start=\"113\" data-end=\"418\">Fra\u00eeche, color\u00e9e et raffin\u00e9e, la Salade de Ch\u00e8vre marie \u00e0 la perfection la douceur des l\u00e9gumes croquants et le caract\u00e8re du fromage de ch\u00e8vre fondant. La salade verte, les tomates juteuses, les carottes r\u00e2p\u00e9es et le chou rouge offrent une base pleine de fra\u00eecheur et de vitalit\u00e9.<\/p>\n<p data-start=\"420\" data-end=\"607\">Le concombre, l\u00e9g\u00e8rement croquant, apporte une note d\u00e9salt\u00e9rante, tandis que le fromage de ch\u00e8vre, doux et cr\u00e9meux, vient sublimer l\u2019ensemble par sa richesse et son go\u00fbt unique.<\/p>\n<p data-start=\"609\" data-end=\"814\" data-is-last-node=\"\" data-is-only-node=\"\">Une salade \u00e9quilibr\u00e9e et gourmande, id\u00e9ale pour les amateurs de saveurs authentiques \u2014 \u00e0 savourer avec une vinaigrette au miel ou une touche d\u2019huile d\u2019olive pour r\u00e9v\u00e9ler tout le caract\u00e8re du ch\u00e8vre.<\/p>","protected":false},"featured_media":0,"comment_status":"open","ping_status":"closed","template":"","meta":[],"product_brand":[191],"product_cat":[190],"product_tag":[],"class_list":{"0":"post-10633","1":"product","2":"type-product","3":"status-publish","5":"product_brand-royal-food","6":"product_cat-salades","8":"first","9":"instock","10":"shipping-taxable","11":"purchasable","12":"product-type-simple"},"_links":{"self":[{"href":"https:\/\/royalfood.ch\/en\/wp-json\/wp\/v2\/product\/10633","targetHints":{"allow":["GET"]}}],"collection":[{"href":"https:\/\/royalfood.ch\/en\/wp-json\/wp\/v2\/product"}],"about":[{"href":"https:\/\/royalfood.ch\/en\/wp-json\/wp\/v2\/types\/product"}],"replies":[{"embeddable":true,"href":"https:\/\/royalfood.ch\/en\/wp-json\/wp\/v2\/comments?post=10633"}],"wp:attachment":[{"href":"https:\/\/royalfood.ch\/en\/wp-json\/wp\/v2\/media?parent=10633"}],"wp:term":[{"taxonomy":"product_brand","embeddable":true,"href":"https:\/\/royalfood.ch\/en\/wp-json\/wp\/v2\/product_brand?post=10633"},{"taxonomy":"product_cat","embeddable":true,"href":"https:\/\/royalfood.ch\/en\/wp-json\/wp\/v2\/product_cat?post=10633"},{"taxonomy":"product_tag","embeddable":true,"href":"https:\/\/royalfood.ch\/en\/wp-json\/wp\/v2\/product_tag?post=10633"}],"curies":[{"name":"wp","href":"https:\/\/api.w.org\/{rel}","templated":true}]}}