{"id":10630,"date":"2025-11-01T19:06:13","date_gmt":"2025-11-01T16:06:13","guid":{"rendered":"https:\/\/royalfood.ch\/?post_type=product&#038;p=10630"},"modified":"2025-11-01T19:06:52","modified_gmt":"2025-11-01T16:06:52","slug":"salade-grecque","status":"publish","type":"product","link":"https:\/\/royalfood.ch\/en\/product\/salade-grecque\/","title":{"rendered":"Salade Grecque"},"content":{"rendered":"<p data-start=\"0\" data-end=\"123\">Salade vert, tomate, oignons, olives, concombre, persil ,fromage feta, huile d&rsquo;olive&#8230;<\/p>","protected":false},"excerpt":{"rendered":"<article class=\"text-token-text-primary w-full focus:outline-none [--shadow-height:45px] has-data-writing-block:pointer-events-none has-data-writing-block:-mt-(--shadow-height) has-data-writing-block:pt-(--shadow-height) [&amp;:has([data-writing-block])&gt;*]:pointer-events-auto [content-visibility:auto] supports-[content-visibility:auto]:[contain-intrinsic-size:auto_100lvh] scroll-mt-[calc(var(--header-height)+min(200px,max(70px,20svh)))]\" dir=\"auto\" tabindex=\"-1\" data-turn-id=\"request-6904b5fc-d248-8330-88ca-736dd36ff01b-49\" data-testid=\"conversation-turn-112\" data-scroll-anchor=\"true\" data-turn=\"assistant\">\n<div class=\"text-base my-auto mx-auto pb-10 [--thread-content-margin:--spacing(4)] thread-sm:[--thread-content-margin:--spacing(6)] thread-lg:[--thread-content-margin:--spacing(16)] px-(--thread-content-margin)\">\n<div class=\"[--thread-content-max-width:40rem] thread-lg:[--thread-content-max-width:48rem] mx-auto max-w-(--thread-content-max-width) flex-1 group\/turn-messages focus-visible:outline-hidden relative flex w-full min-w-0 flex-col agent-turn\" tabindex=\"-1\">\n<div class=\"flex max-w-full flex-col grow\">\n<div class=\"min-h-8 text-message relative flex w-full flex-col items-end gap-2 text-start break-words whitespace-normal [.text-message+&amp;]:mt-1\" dir=\"auto\" data-message-author-role=\"assistant\" data-message-id=\"caa87072-cd34-4854-9684-dbd39dc37bc3\" data-message-model-slug=\"gpt-5\">\n<div class=\"flex w-full flex-col gap-1 empty:hidden first:pt-[1px]\">\n<div class=\"markdown prose dark:prose-invert w-full break-words dark markdown-new-styling\">\n<p data-start=\"127\" data-end=\"434\">Color\u00e9e, \u00e9quilibr\u00e9e et pleine de fra\u00eecheur, la Salade Grecque est un grand classique m\u00e9diterran\u00e9en qui allie simplicit\u00e9 et authenticit\u00e9. La salade verte croquante forme la base parfaite pour accueillir les tomates juteuses, les concombres frais et les oignons rouges finement tranch\u00e9s.<\/p>\n<p data-start=\"436\" data-end=\"730\">Les olives noires et le fromage feta, au go\u00fbt sal\u00e9 et cr\u00e9meux, apportent une touche de caract\u00e8re, tandis qu\u2019un filet d\u2019huile d\u2019olive extra vierge rehausse l\u2019ensemble de ses ar\u00f4mes fruit\u00e9s. Le persil frais, quant \u00e0 lui, ajoute une note herbac\u00e9e et parfum\u00e9e typiquement grecque.<\/p>\n<p data-start=\"732\" data-end=\"882\" data-is-last-node=\"\" data-is-only-node=\"\">Une salade g\u00e9n\u00e9reuse et ensoleill\u00e9e, parfaite comme plat principal ou en accompagnement, pour un voyage culinaire au c\u0153ur de la M\u00e9diterran\u00e9e.<\/p>\n<\/div>\n<\/div>\n<\/div>\n<\/div>\n<\/div>\n<\/div>\n<\/article>","protected":false},"featured_media":0,"comment_status":"open","ping_status":"closed","template":"","meta":[],"product_brand":[191],"product_cat":[190],"product_tag":[],"class_list":{"0":"post-10630","1":"product","2":"type-product","3":"status-publish","5":"product_brand-royal-food","6":"product_cat-salades","8":"first","9":"instock","10":"shipping-taxable","11":"purchasable","12":"product-type-simple"},"_links":{"self":[{"href":"https:\/\/royalfood.ch\/en\/wp-json\/wp\/v2\/product\/10630","targetHints":{"allow":["GET"]}}],"collection":[{"href":"https:\/\/royalfood.ch\/en\/wp-json\/wp\/v2\/product"}],"about":[{"href":"https:\/\/royalfood.ch\/en\/wp-json\/wp\/v2\/types\/product"}],"replies":[{"embeddable":true,"href":"https:\/\/royalfood.ch\/en\/wp-json\/wp\/v2\/comments?post=10630"}],"wp:attachment":[{"href":"https:\/\/royalfood.ch\/en\/wp-json\/wp\/v2\/media?parent=10630"}],"wp:term":[{"taxonomy":"product_brand","embeddable":true,"href":"https:\/\/royalfood.ch\/en\/wp-json\/wp\/v2\/product_brand?post=10630"},{"taxonomy":"product_cat","embeddable":true,"href":"https:\/\/royalfood.ch\/en\/wp-json\/wp\/v2\/product_cat?post=10630"},{"taxonomy":"product_tag","embeddable":true,"href":"https:\/\/royalfood.ch\/en\/wp-json\/wp\/v2\/product_tag?post=10630"}],"curies":[{"name":"wp","href":"https:\/\/api.w.org\/{rel}","templated":true}]}}