{"id":10627,"date":"2025-11-01T19:02:38","date_gmt":"2025-11-01T16:02:38","guid":{"rendered":"https:\/\/royalfood.ch\/?post_type=product&#038;p=10627"},"modified":"2025-11-01T19:03:20","modified_gmt":"2025-11-01T16:03:20","slug":"petite-salade-melee","status":"publish","type":"product","link":"https:\/\/royalfood.ch\/en\/product\/petite-salade-melee\/","title":{"rendered":"Petite Salade M\u00eal\u00e9e"},"content":{"rendered":"<p>Salade verte, tomate, carotte, chou rouge, ma\u00efs et \u00e7oban (poivrons rouges, concombre et persil).<\/p>","protected":false},"excerpt":{"rendered":"<article class=\"text-token-text-primary w-full focus:outline-none [--shadow-height:45px] has-data-writing-block:pointer-events-none has-data-writing-block:-mt-(--shadow-height) has-data-writing-block:pt-(--shadow-height) [&amp;:has([data-writing-block])&gt;*]:pointer-events-auto [content-visibility:auto] supports-[content-visibility:auto]:[contain-intrinsic-size:auto_100lvh] scroll-mt-[calc(var(--header-height)+min(200px,max(70px,20svh)))]\" dir=\"auto\" tabindex=\"-1\" data-turn-id=\"request-6904b5fc-d248-8330-88ca-736dd36ff01b-49\" data-testid=\"conversation-turn-112\" data-scroll-anchor=\"true\" data-turn=\"assistant\">\n<div class=\"text-base my-auto mx-auto pb-10 [--thread-content-margin:--spacing(4)] thread-sm:[--thread-content-margin:--spacing(6)] thread-lg:[--thread-content-margin:--spacing(16)] px-(--thread-content-margin)\">\n<div class=\"[--thread-content-max-width:40rem] thread-lg:[--thread-content-max-width:48rem] mx-auto max-w-(--thread-content-max-width) flex-1 group\/turn-messages focus-visible:outline-hidden relative flex w-full min-w-0 flex-col agent-turn\" tabindex=\"-1\">\n<div class=\"flex max-w-full flex-col grow\">\n<div class=\"min-h-8 text-message relative flex w-full flex-col items-end gap-2 text-start break-words whitespace-normal [.text-message+&amp;]:mt-1\" dir=\"auto\" data-message-author-role=\"assistant\" data-message-id=\"caa87072-cd34-4854-9684-dbd39dc37bc3\" data-message-model-slug=\"gpt-5\">\n<div class=\"flex w-full flex-col gap-1 empty:hidden first:pt-[1px]\">\n<div class=\"markdown prose dark:prose-invert w-full break-words dark markdown-new-styling\">\n<p data-start=\"139\" data-end=\"455\">Color\u00e9e, fra\u00eeche et pleine de croquant, la Petite Salade M\u00eal\u00e9e est une entr\u00e9e \u00e9quilibr\u00e9e qui met en valeur les saveurs naturelles des l\u00e9gumes frais. La salade verte et les tomates juteuses apportent l\u00e9g\u00e8ret\u00e9 et douceur, tandis que la carotte r\u00e2p\u00e9e et le chou rouge ajoutent texture et vitalit\u00e9.<\/p>\n<p data-start=\"457\" data-end=\"669\">Le ma\u00efs sucr\u00e9 et le m\u00e9lange \u00e7oban \u2014 une garniture typiquement m\u00e9diterran\u00e9enne \u00e0 base de poivrons rouges, concombre et persil frais \u2014 viennent compl\u00e9ter le tout avec une touche de fra\u00eecheur parfum\u00e9e.<\/p>\n<p data-start=\"671\" data-end=\"841\" data-is-last-node=\"\" data-is-only-node=\"\">Une salade saine et pleine de couleurs, parfaite en entr\u00e9e ou en accompagnement l\u00e9ger, servie avec une vinaigrette maison pour un go\u00fbt \u00e9quilibr\u00e9 et rafra\u00eechissant.<\/p>\n<\/div>\n<\/div>\n<\/div>\n<\/div>\n<div class=\"z-0 flex min-h-[46px] justify-start\"><\/div>\n<div class=\"mt-3 w-full empty:hidden\">\n<div class=\"text-center\"><\/div>\n<\/div>\n<\/div>\n<\/div>\n<\/article>\n<div class=\"pointer-events-none h-px w-px\" aria-hidden=\"true\" data-edge=\"true\"><\/div>","protected":false},"featured_media":0,"comment_status":"open","ping_status":"closed","template":"","meta":[],"product_brand":[191],"product_cat":[190],"product_tag":[],"class_list":{"0":"post-10627","1":"product","2":"type-product","3":"status-publish","5":"product_brand-royal-food","6":"product_cat-salades","8":"first","9":"instock","10":"shipping-taxable","11":"purchasable","12":"product-type-simple"},"_links":{"self":[{"href":"https:\/\/royalfood.ch\/en\/wp-json\/wp\/v2\/product\/10627","targetHints":{"allow":["GET"]}}],"collection":[{"href":"https:\/\/royalfood.ch\/en\/wp-json\/wp\/v2\/product"}],"about":[{"href":"https:\/\/royalfood.ch\/en\/wp-json\/wp\/v2\/types\/product"}],"replies":[{"embeddable":true,"href":"https:\/\/royalfood.ch\/en\/wp-json\/wp\/v2\/comments?post=10627"}],"wp:attachment":[{"href":"https:\/\/royalfood.ch\/en\/wp-json\/wp\/v2\/media?parent=10627"}],"wp:term":[{"taxonomy":"product_brand","embeddable":true,"href":"https:\/\/royalfood.ch\/en\/wp-json\/wp\/v2\/product_brand?post=10627"},{"taxonomy":"product_cat","embeddable":true,"href":"https:\/\/royalfood.ch\/en\/wp-json\/wp\/v2\/product_cat?post=10627"},{"taxonomy":"product_tag","embeddable":true,"href":"https:\/\/royalfood.ch\/en\/wp-json\/wp\/v2\/product_tag?post=10627"}],"curies":[{"name":"wp","href":"https:\/\/api.w.org\/{rel}","templated":true}]}}