{"id":10625,"date":"2025-11-01T19:00:09","date_gmt":"2025-11-01T16:00:09","guid":{"rendered":"https:\/\/royalfood.ch\/?post_type=product&#038;p=10625"},"modified":"2025-11-01T19:01:09","modified_gmt":"2025-11-01T16:01:09","slug":"petite-salade-verte","status":"publish","type":"product","link":"https:\/\/royalfood.ch\/en\/product\/petite-salade-verte\/","title":{"rendered":"Petite Salade Verte"},"content":{"rendered":"<p>Salade fra\u00eeche compos\u00e9e de laitue croquante, tomates cerises et oignons rouges, servie avec une vinaigrette maison.<\/p>","protected":false},"excerpt":{"rendered":"<p data-start=\"158\" data-end=\"465\">Simple, l\u00e9g\u00e8re et rafra\u00eechissante, la Petite Salade Verte accompagne parfaitement tous les plats. Pr\u00e9par\u00e9e avec des feuilles de laitue fra\u00eechement lav\u00e9es, des tomates cerises juteuses et des oignons rouges finement tranch\u00e9s, elle offre une touche de fra\u00eecheur et d\u2019\u00e9quilibre \u00e0 votre repas.<\/p>\n<p data-start=\"467\" data-end=\"594\">Assaisonn\u00e9e d\u2019une vinaigrette maison subtilement relev\u00e9e, elle s\u00e9duit par sa simplicit\u00e9 et la qualit\u00e9 de ses ingr\u00e9dients.<\/p>\n<p data-start=\"596\" data-end=\"696\" data-is-last-node=\"\" data-is-only-node=\"\">Une salade fra\u00eeche et croquante, id\u00e9ale en entr\u00e9e ou en accompagnement de vos plats pr\u00e9f\u00e9r\u00e9s.<\/p>","protected":false},"featured_media":0,"comment_status":"open","ping_status":"closed","template":"","meta":[],"product_brand":[191],"product_cat":[190],"product_tag":[],"class_list":{"0":"post-10625","1":"product","2":"type-product","3":"status-publish","5":"product_brand-royal-food","6":"product_cat-salades","8":"first","9":"instock","10":"shipping-taxable","11":"purchasable","12":"product-type-simple"},"_links":{"self":[{"href":"https:\/\/royalfood.ch\/en\/wp-json\/wp\/v2\/product\/10625","targetHints":{"allow":["GET"]}}],"collection":[{"href":"https:\/\/royalfood.ch\/en\/wp-json\/wp\/v2\/product"}],"about":[{"href":"https:\/\/royalfood.ch\/en\/wp-json\/wp\/v2\/types\/product"}],"replies":[{"embeddable":true,"href":"https:\/\/royalfood.ch\/en\/wp-json\/wp\/v2\/comments?post=10625"}],"wp:attachment":[{"href":"https:\/\/royalfood.ch\/en\/wp-json\/wp\/v2\/media?parent=10625"}],"wp:term":[{"taxonomy":"product_brand","embeddable":true,"href":"https:\/\/royalfood.ch\/en\/wp-json\/wp\/v2\/product_brand?post=10625"},{"taxonomy":"product_cat","embeddable":true,"href":"https:\/\/royalfood.ch\/en\/wp-json\/wp\/v2\/product_cat?post=10625"},{"taxonomy":"product_tag","embeddable":true,"href":"https:\/\/royalfood.ch\/en\/wp-json\/wp\/v2\/product_tag?post=10625"}],"curies":[{"name":"wp","href":"https:\/\/api.w.org\/{rel}","templated":true}]}}