{"id":10622,"date":"2025-11-01T18:56:36","date_gmt":"2025-11-01T15:56:36","guid":{"rendered":"https:\/\/royalfood.ch\/?post_type=product&#038;p=10622"},"modified":"2025-11-01T18:57:29","modified_gmt":"2025-11-01T15:57:29","slug":"panini-thon-tomate-mozzarella","status":"publish","type":"product","link":"https:\/\/royalfood.ch\/en\/product\/panini-thon-tomate-mozzarella\/","title":{"rendered":"Panini Thon Tomate Mozzarella"},"content":{"rendered":"<p>Pr\u00e9par\u00e9 avec thon, tomates fra\u00eeches, mozzarella fondante et une sauce au choix<\/p>","protected":false},"excerpt":{"rendered":"<p data-start=\"167\" data-end=\"414\">D\u00e9licieusement fondant et plein de fra\u00eecheur, le Panini Thon Tomate Mozzarella marie la richesse du thon tendre, la douceur fondante de la mozzarella et la fra\u00eecheur acidul\u00e9e des tomates pour une combinaison l\u00e9g\u00e8re et \u00e9quilibr\u00e9e.<\/p>\n<p data-start=\"416\" data-end=\"657\">Le pain, grill\u00e9 \u00e0 la perfection, offre un ext\u00e9rieur croustillant et un int\u00e9rieur moelleux, tandis que la sauce tartare, recommand\u00e9e pour sa texture onctueuse et son go\u00fbt l\u00e9g\u00e8rement citronn\u00e9, vient rehausser les saveurs marines du thon.<\/p>\n<p data-start=\"659\" data-end=\"837\" data-is-last-node=\"\" data-is-only-node=\"\">Un panini savoureux et \u00e9quilibr\u00e9, id\u00e9al pour les amateurs de recettes fra\u00eeches et m\u00e9diterran\u00e9ennes \u2014 \u00e0 savourer chaud, accompagn\u00e9 d\u2019une salade ou d\u2019un jus de fruits frais.<\/p>","protected":false},"featured_media":0,"comment_status":"open","ping_status":"closed","template":"","meta":[],"product_brand":[191],"product_cat":[198],"product_tag":[],"class_list":{"0":"post-10622","1":"product","2":"type-product","3":"status-publish","5":"product_brand-royal-food","6":"product_cat-panini","8":"first","9":"instock","10":"shipping-taxable","11":"purchasable","12":"product-type-simple"},"_links":{"self":[{"href":"https:\/\/royalfood.ch\/en\/wp-json\/wp\/v2\/product\/10622","targetHints":{"allow":["GET"]}}],"collection":[{"href":"https:\/\/royalfood.ch\/en\/wp-json\/wp\/v2\/product"}],"about":[{"href":"https:\/\/royalfood.ch\/en\/wp-json\/wp\/v2\/types\/product"}],"replies":[{"embeddable":true,"href":"https:\/\/royalfood.ch\/en\/wp-json\/wp\/v2\/comments?post=10622"}],"wp:attachment":[{"href":"https:\/\/royalfood.ch\/en\/wp-json\/wp\/v2\/media?parent=10622"}],"wp:term":[{"taxonomy":"product_brand","embeddable":true,"href":"https:\/\/royalfood.ch\/en\/wp-json\/wp\/v2\/product_brand?post=10622"},{"taxonomy":"product_cat","embeddable":true,"href":"https:\/\/royalfood.ch\/en\/wp-json\/wp\/v2\/product_cat?post=10622"},{"taxonomy":"product_tag","embeddable":true,"href":"https:\/\/royalfood.ch\/en\/wp-json\/wp\/v2\/product_tag?post=10622"}],"curies":[{"name":"wp","href":"https:\/\/api.w.org\/{rel}","templated":true}]}}