{"id":10603,"date":"2025-11-01T18:34:37","date_gmt":"2025-11-01T15:34:37","guid":{"rendered":"https:\/\/royalfood.ch\/?post_type=product&#038;p=10603"},"modified":"2025-11-01T18:35:17","modified_gmt":"2025-11-01T15:35:17","slug":"pide-merguez-et-oeuf","status":"publish","type":"product","link":"https:\/\/royalfood.ch\/en\/product\/pide-merguez-et-oeuf\/","title":{"rendered":"Pide merguez et oeuf"},"content":{"rendered":"<div class=\"item-details-style_card__fI4sI\" data-qa=\"item-details-card\">\n<div class=\"item-details-style_card-description__3ztM9\">\n<div class=\"_1sMed _1wlHd Yc8ZH _1VvW7 hzg-6\" data-qa=\"flex\">\n<div class=\"rWs5G\" data-qa=\"text\">Servi avec salade m\u00eal\u00e9e<\/div>\n<div class=\"item-details-style_productImgUnavailable-energy-container__gwPKh\"><\/div>\n<div data-qa=\"util\">\n<div data-qa=\"text\"><\/div>\n<\/div>\n<\/div>\n<\/div>\n<\/div>\n<div data-qa=\"util\">\n<div class=\"item-choices-style_content__PeXTk\" data-qa=\"item-choices\"><\/div>\n<\/div>","protected":false},"excerpt":{"rendered":"<p data-start=\"66\" data-end=\"363\">G\u00e9n\u00e9reuse et relev\u00e9e, la Pide Merguez et \u0152uf marie la douceur d\u2019une p\u00e2te artisanale dor\u00e9e au four \u00e0 la richesse des saveurs orientales. Garnie d\u2019une mozzarella fondante et de merguez l\u00e9g\u00e8rement \u00e9pic\u00e9es, cette sp\u00e9cialit\u00e9 turque s\u00e9duit par son go\u00fbt puissant et sa texture irr\u00e9sistible.<\/p>\n<p data-start=\"365\" data-end=\"630\">L\u2019\u0153uf, ajout\u00e9 d\u00e9licatement au centre, fond sur la chaleur de la garniture pour apporter une onctuosit\u00e9 et une touche de finesse \u00e0 chaque bouch\u00e9e. Le mariage du fromage, de la merguez et du jaune d\u2019\u0153uf cr\u00e9e une harmonie parfaite entre gourmandise et intensit\u00e9.<\/p>\n<p data-start=\"632\" data-end=\"748\">Servie avec une salade m\u00eal\u00e9e fra\u00eeche et croquante, elle offre un \u00e9quilibre agr\u00e9able entre chaleur et l\u00e9g\u00e8ret\u00e9.<\/p>\n<p data-start=\"750\" data-end=\"930\" data-is-last-node=\"\" data-is-only-node=\"\">Une pide au caract\u00e8re affirm\u00e9, parfaite pour les amateurs de recettes savoureuses et relev\u00e9es \u2014 \u00e0 savourer bien chaude, accompagn\u00e9e d\u2019un ayran frais ou d\u2019un vin rouge l\u00e9ger.<\/p>","protected":false},"featured_media":0,"comment_status":"open","ping_status":"closed","template":"","meta":[],"product_brand":[191],"product_cat":[197],"product_tag":[],"class_list":{"0":"post-10603","1":"product","2":"type-product","3":"status-publish","5":"product_brand-royal-food","6":"product_cat-pide","8":"first","9":"instock","10":"shipping-taxable","11":"purchasable","12":"product-type-simple"},"_links":{"self":[{"href":"https:\/\/royalfood.ch\/en\/wp-json\/wp\/v2\/product\/10603","targetHints":{"allow":["GET"]}}],"collection":[{"href":"https:\/\/royalfood.ch\/en\/wp-json\/wp\/v2\/product"}],"about":[{"href":"https:\/\/royalfood.ch\/en\/wp-json\/wp\/v2\/types\/product"}],"replies":[{"embeddable":true,"href":"https:\/\/royalfood.ch\/en\/wp-json\/wp\/v2\/comments?post=10603"}],"wp:attachment":[{"href":"https:\/\/royalfood.ch\/en\/wp-json\/wp\/v2\/media?parent=10603"}],"wp:term":[{"taxonomy":"product_brand","embeddable":true,"href":"https:\/\/royalfood.ch\/en\/wp-json\/wp\/v2\/product_brand?post=10603"},{"taxonomy":"product_cat","embeddable":true,"href":"https:\/\/royalfood.ch\/en\/wp-json\/wp\/v2\/product_cat?post=10603"},{"taxonomy":"product_tag","embeddable":true,"href":"https:\/\/royalfood.ch\/en\/wp-json\/wp\/v2\/product_tag?post=10603"}],"curies":[{"name":"wp","href":"https:\/\/api.w.org\/{rel}","templated":true}]}}