{"id":10601,"date":"2025-11-01T18:32:52","date_gmt":"2025-11-01T15:32:52","guid":{"rendered":"https:\/\/royalfood.ch\/?post_type=product&#038;p=10601"},"modified":"2025-11-01T18:33:16","modified_gmt":"2025-11-01T15:33:16","slug":"pide-kebab-agneau","status":"publish","type":"product","link":"https:\/\/royalfood.ch\/en\/product\/pide-kebab-agneau\/","title":{"rendered":"Pide kebab agneau"},"content":{"rendered":"<div class=\"item-details-style_card__fI4sI\" data-qa=\"item-details-card\">\n<div class=\"item-details-style_card-description__3ztM9\">\n<div class=\"_1sMed _1wlHd Yc8ZH _1VvW7 hzg-6\" data-qa=\"flex\">\n<div class=\"rWs5G\" data-qa=\"text\">Servi avec salade m\u00eal\u00e9e<\/div>\n<div class=\"item-details-style_productImgUnavailable-energy-container__gwPKh\"><\/div>\n<div data-qa=\"util\">\n<div data-qa=\"text\"><span data-qa=\"menu-product-info-cdn\">0,33l,\u00a0<span class=\"formatted-currency-style_content__VNVsV\" aria-hidden=\"false\">57,58\u00a0CHF<\/span>\/1l<\/span><\/div>\n<\/div>\n<\/div>\n<\/div>\n<\/div>\n<div data-qa=\"util\">\n<div class=\"item-choices-style_content__PeXTk\" data-qa=\"item-choices\"><\/div>\n<\/div>","protected":false},"excerpt":{"rendered":"<p data-start=\"64\" data-end=\"388\">Authentique et raffin\u00e9e, la Pide Kebab Agneau s\u00e9duit par son go\u00fbt profond et ses ar\u00f4mes orientaux irr\u00e9sistibles. Pr\u00e9par\u00e9e sur une p\u00e2te fine et croustillante, cuite au four traditionnel, elle est g\u00e9n\u00e9reusement garnie de viande d\u2019agneau r\u00f4tie fa\u00e7on kebab, tendre, juteuse et parfum\u00e9e aux \u00e9pices m\u00e9diterran\u00e9ennes.<\/p>\n<p data-start=\"390\" data-end=\"635\">La mozzarella fondante vient adoucir la richesse de l\u2019agneau, cr\u00e9ant une harmonie parfaite entre puissance et douceur. Chaque bouch\u00e9e d\u00e9voile un \u00e9quilibre subtil entre la chaleur des \u00e9pices, la douceur du fromage et la l\u00e9g\u00e8ret\u00e9 de la p\u00e2te.<\/p>\n<p data-start=\"637\" data-end=\"763\">Servie avec une salade m\u00eal\u00e9e fra\u00eeche et color\u00e9e, cette pide devient un repas complet, alliant authenticit\u00e9 et \u00e9quilibre.<\/p>\n<p data-start=\"765\" data-end=\"986\" data-is-last-node=\"\" data-is-only-node=\"\">Une sp\u00e9cialit\u00e9 turque pleine de caract\u00e8re, id\u00e9ale pour les amateurs de saveurs intenses et g\u00e9n\u00e9reuses \u2014 \u00e0 savourer avec un ayran frais ou un verre de vin rouge l\u00e9ger pour une exp\u00e9rience m\u00e9diterran\u00e9enne inoubliable.<\/p>","protected":false},"featured_media":0,"comment_status":"open","ping_status":"closed","template":"","meta":[],"product_brand":[191],"product_cat":[197],"product_tag":[],"class_list":{"0":"post-10601","1":"product","2":"type-product","3":"status-publish","5":"product_brand-royal-food","6":"product_cat-pide","8":"first","9":"instock","10":"shipping-taxable","11":"purchasable","12":"product-type-simple"},"_links":{"self":[{"href":"https:\/\/royalfood.ch\/en\/wp-json\/wp\/v2\/product\/10601","targetHints":{"allow":["GET"]}}],"collection":[{"href":"https:\/\/royalfood.ch\/en\/wp-json\/wp\/v2\/product"}],"about":[{"href":"https:\/\/royalfood.ch\/en\/wp-json\/wp\/v2\/types\/product"}],"replies":[{"embeddable":true,"href":"https:\/\/royalfood.ch\/en\/wp-json\/wp\/v2\/comments?post=10601"}],"wp:attachment":[{"href":"https:\/\/royalfood.ch\/en\/wp-json\/wp\/v2\/media?parent=10601"}],"wp:term":[{"taxonomy":"product_brand","embeddable":true,"href":"https:\/\/royalfood.ch\/en\/wp-json\/wp\/v2\/product_brand?post=10601"},{"taxonomy":"product_cat","embeddable":true,"href":"https:\/\/royalfood.ch\/en\/wp-json\/wp\/v2\/product_cat?post=10601"},{"taxonomy":"product_tag","embeddable":true,"href":"https:\/\/royalfood.ch\/en\/wp-json\/wp\/v2\/product_tag?post=10601"}],"curies":[{"name":"wp","href":"https:\/\/api.w.org\/{rel}","templated":true}]}}