{"id":10597,"date":"2025-11-01T18:29:12","date_gmt":"2025-11-01T15:29:12","guid":{"rendered":"https:\/\/royalfood.ch\/?post_type=product&#038;p=10597"},"modified":"2025-11-01T18:29:37","modified_gmt":"2025-11-01T15:29:37","slug":"pide-aux-epinards","status":"publish","type":"product","link":"https:\/\/royalfood.ch\/en\/product\/pide-aux-epinards\/","title":{"rendered":"Pide aux \u00e9pinards"},"content":{"rendered":"<p>Servi avec salade m\u00eal\u00e9e<\/p>","protected":false},"excerpt":{"rendered":"<p data-start=\"64\" data-end=\"387\">D\u00e9licate et pleine de fra\u00eecheur, la Pide aux \u00c9pinards est une interpr\u00e9tation v\u00e9g\u00e9tarienne raffin\u00e9e du c\u00e9l\u00e8bre plat turc. Pr\u00e9par\u00e9e sur une p\u00e2te fine et dor\u00e9e, elle est g\u00e9n\u00e9reusement garnie d\u2019un m\u00e9lange d\u2019\u00e9pinards frais l\u00e9g\u00e8rement saut\u00e9s, relev\u00e9s d\u2019un filet d\u2019huile d\u2019olive et d\u2019une pointe d\u2019herbes aromatiques.<\/p>\n<p data-start=\"389\" data-end=\"640\">La mozzarella fondante vient enrober les \u00e9pinards d\u2019une texture onctueuse et savoureuse, cr\u00e9ant un \u00e9quilibre parfait entre l\u00e9g\u00e8ret\u00e9 et gourmandise. Chaque bouch\u00e9e r\u00e9v\u00e8le la douceur v\u00e9g\u00e9tale des feuilles d\u2019\u00e9pinard et la richesse du fromage fondu.<\/p>\n<p data-start=\"642\" data-end=\"765\">Servie avec une salade m\u00eal\u00e9e croquante et color\u00e9e, cette pide offre un repas complet, \u00e9quilibr\u00e9 et plein de vitalit\u00e9.<\/p>\n<p data-start=\"767\" data-end=\"956\" data-is-last-node=\"\" data-is-only-node=\"\">Une option v\u00e9g\u00e9tarienne d\u00e9licieuse et nourrissante, parfaite pour les amateurs de saveurs m\u00e9diterran\u00e9ennes \u2014 \u00e0 d\u00e9guster chaude, accompagn\u00e9e d\u2019un jus frais ou d\u2019un ayran traditionnel.<\/p>","protected":false},"featured_media":0,"comment_status":"open","ping_status":"closed","template":"","meta":[],"product_brand":[191],"product_cat":[197],"product_tag":[],"class_list":{"0":"post-10597","1":"product","2":"type-product","3":"status-publish","5":"product_brand-royal-food","6":"product_cat-pide","8":"first","9":"instock","10":"shipping-taxable","11":"purchasable","12":"product-type-simple"},"_links":{"self":[{"href":"https:\/\/royalfood.ch\/en\/wp-json\/wp\/v2\/product\/10597","targetHints":{"allow":["GET"]}}],"collection":[{"href":"https:\/\/royalfood.ch\/en\/wp-json\/wp\/v2\/product"}],"about":[{"href":"https:\/\/royalfood.ch\/en\/wp-json\/wp\/v2\/types\/product"}],"replies":[{"embeddable":true,"href":"https:\/\/royalfood.ch\/en\/wp-json\/wp\/v2\/comments?post=10597"}],"wp:attachment":[{"href":"https:\/\/royalfood.ch\/en\/wp-json\/wp\/v2\/media?parent=10597"}],"wp:term":[{"taxonomy":"product_brand","embeddable":true,"href":"https:\/\/royalfood.ch\/en\/wp-json\/wp\/v2\/product_brand?post=10597"},{"taxonomy":"product_cat","embeddable":true,"href":"https:\/\/royalfood.ch\/en\/wp-json\/wp\/v2\/product_cat?post=10597"},{"taxonomy":"product_tag","embeddable":true,"href":"https:\/\/royalfood.ch\/en\/wp-json\/wp\/v2\/product_tag?post=10597"}],"curies":[{"name":"wp","href":"https:\/\/api.w.org\/{rel}","templated":true}]}}