{"id":10589,"date":"2025-11-01T18:07:28","date_gmt":"2025-11-01T15:07:28","guid":{"rendered":"https:\/\/royalfood.ch\/?post_type=product&#038;p=10589"},"modified":"2025-11-01T18:09:03","modified_gmt":"2025-11-01T15:09:03","slug":"pizza-hollandaise-blanche","status":"publish","type":"product","link":"https:\/\/royalfood.ch\/en\/product\/pizza-hollandaise-blanche\/","title":{"rendered":"Pizza hollandaise blanche"},"content":{"rendered":"<p>Sans sauce tomate, servi avec sauce hollandaise, mozzarella, origan, \u00e9minc\u00e9 poulet curry et ananas<\/p>","protected":false},"excerpt":{"rendered":"<p data-start=\"151\" data-end=\"462\">Originale et raffin\u00e9e, la Pizza Hollandaise Blanche revisite la pizza traditionnelle avec une touche exotique et cr\u00e9meuse. Rempla\u00e7ant la classique sauce tomate, la sauce hollandaise onctueuse apporte une douceur beurr\u00e9e et l\u00e9g\u00e8rement citronn\u00e9e qui se marie \u00e0 merveille avec la mozzarella fondante.<\/p>\n<p data-start=\"464\" data-end=\"740\">L\u2019\u00e9minc\u00e9 de poulet au curry, tendre et parfum\u00e9, diffuse des notes chaudes et \u00e9pic\u00e9es, subtilement \u00e9quilibr\u00e9es par la fra\u00eecheur sucr\u00e9e de l\u2019ananas. L\u2019origan, quant \u00e0 lui, vient relever l\u2019ensemble d\u2019un parfum m\u00e9diterran\u00e9en qui lie toutes les saveurs avec \u00e9l\u00e9gance.<\/p>\n<p data-start=\"742\" data-end=\"905\">Servie sur une p\u00e2te fine et dor\u00e9e, croustillante \u00e0 l\u2019ext\u00e9rieur et moelleuse \u00e0 c\u0153ur, cette pizza offre une exp\u00e9rience \u00e0 la fois douce, exotique et savoureuse.<\/p>\n<p data-start=\"907\" data-end=\"1101\" data-is-last-node=\"\" data-is-only-node=\"\">\u00a0Une cr\u00e9ation surprenante et gourmande, parfaite pour ceux qui aiment les associations sucr\u00e9-sal\u00e9 et les saveurs cr\u00e9meuses \u2014 \u00e0 d\u00e9guster avec un vin blanc fruit\u00e9 ou une bi\u00e8re blonde l\u00e9g\u00e8re.<\/p>","protected":false},"featured_media":0,"comment_status":"open","ping_status":"closed","template":"","meta":[],"product_brand":[191],"product_cat":[188],"product_tag":[],"class_list":{"0":"post-10589","1":"product","2":"type-product","3":"status-publish","5":"product_brand-royal-food","6":"product_cat-pizza","8":"first","9":"outofstock","10":"shipping-taxable","11":"purchasable","12":"product-type-variable"},"_links":{"self":[{"href":"https:\/\/royalfood.ch\/en\/wp-json\/wp\/v2\/product\/10589","targetHints":{"allow":["GET"]}}],"collection":[{"href":"https:\/\/royalfood.ch\/en\/wp-json\/wp\/v2\/product"}],"about":[{"href":"https:\/\/royalfood.ch\/en\/wp-json\/wp\/v2\/types\/product"}],"replies":[{"embeddable":true,"href":"https:\/\/royalfood.ch\/en\/wp-json\/wp\/v2\/comments?post=10589"}],"wp:attachment":[{"href":"https:\/\/royalfood.ch\/en\/wp-json\/wp\/v2\/media?parent=10589"}],"wp:term":[{"taxonomy":"product_brand","embeddable":true,"href":"https:\/\/royalfood.ch\/en\/wp-json\/wp\/v2\/product_brand?post=10589"},{"taxonomy":"product_cat","embeddable":true,"href":"https:\/\/royalfood.ch\/en\/wp-json\/wp\/v2\/product_cat?post=10589"},{"taxonomy":"product_tag","embeddable":true,"href":"https:\/\/royalfood.ch\/en\/wp-json\/wp\/v2\/product_tag?post=10589"}],"curies":[{"name":"wp","href":"https:\/\/api.w.org\/{rel}","templated":true}]}}