{"id":10560,"date":"2025-11-01T17:59:29","date_gmt":"2025-11-01T14:59:29","guid":{"rendered":"https:\/\/royalfood.ch\/?post_type=product&#038;p=10560"},"modified":"2025-11-01T18:00:11","modified_gmt":"2025-11-01T15:00:11","slug":"pizza-lardee","status":"publish","type":"product","link":"https:\/\/royalfood.ch\/en\/product\/pizza-lardee\/","title":{"rendered":"Pizza lard\u00e9e"},"content":{"rendered":"<p>Sauce tomate, mozzarella, lard, oeuf<\/p>","protected":false},"excerpt":{"rendered":"<p data-start=\"71\" data-end=\"451\">Simple, rustique et intens\u00e9ment savoureuse, la Pizza Lard\u00e9e est un hommage \u00e0 la cuisine italienne la plus authentique \u2014 celle des saveurs franches et des ingr\u00e9dients vrais. Sur une base de sauce tomate riche et parfum\u00e9e, la mozzarella fondante vient adoucir la puissance du lard croustillant, l\u00e9g\u00e8rement fum\u00e9, pour un contraste de textures parfaitement ma\u00eetris\u00e9.<\/p>\n<p data-start=\"453\" data-end=\"741\">L\u2019\u0153uf d\u00e9pos\u00e9 au centre fond d\u00e9licatement \u00e0 la cuisson, cr\u00e9ant une onctuosit\u00e9 naturelle qui se m\u00eale au fromage et aux notes sal\u00e9es du lard. Le tout repose sur une p\u00e2te fine et dor\u00e9e, croustillante \u00e0 l\u2019ext\u00e9rieur et moelleuse \u00e0 l\u2019int\u00e9rieur, cuite selon la pure tradition italienne.<\/p>\n<p data-start=\"743\" data-end=\"899\">Chaque bouch\u00e9e allie le go\u00fbt fum\u00e9 du lard, la douceur du jaune d\u2019\u0153uf et la fra\u00eecheur de la tomate, pour une exp\u00e9rience simple mais terriblement gourmande.<\/p>\n<p data-start=\"901\" data-end=\"1091\" data-is-last-node=\"\" data-is-only-node=\"\">Une pizza g\u00e9n\u00e9reuse et r\u00e9confortante, parfaite pour les amateurs de recettes italiennes au caract\u00e8re affirm\u00e9 \u2014 \u00e0 savourer avec un vin rouge cors\u00e9 ou une bi\u00e8re artisanale bien fra\u00eeche.<\/p>","protected":false},"featured_media":0,"comment_status":"open","ping_status":"closed","template":"","meta":[],"product_brand":[191],"product_cat":[188],"product_tag":[],"class_list":{"0":"post-10560","1":"product","2":"type-product","3":"status-publish","5":"product_brand-royal-food","6":"product_cat-pizza","8":"first","9":"instock","10":"shipping-taxable","11":"purchasable","12":"product-type-variable"},"_links":{"self":[{"href":"https:\/\/royalfood.ch\/en\/wp-json\/wp\/v2\/product\/10560","targetHints":{"allow":["GET"]}}],"collection":[{"href":"https:\/\/royalfood.ch\/en\/wp-json\/wp\/v2\/product"}],"about":[{"href":"https:\/\/royalfood.ch\/en\/wp-json\/wp\/v2\/types\/product"}],"replies":[{"embeddable":true,"href":"https:\/\/royalfood.ch\/en\/wp-json\/wp\/v2\/comments?post=10560"}],"wp:attachment":[{"href":"https:\/\/royalfood.ch\/en\/wp-json\/wp\/v2\/media?parent=10560"}],"wp:term":[{"taxonomy":"product_brand","embeddable":true,"href":"https:\/\/royalfood.ch\/en\/wp-json\/wp\/v2\/product_brand?post=10560"},{"taxonomy":"product_cat","embeddable":true,"href":"https:\/\/royalfood.ch\/en\/wp-json\/wp\/v2\/product_cat?post=10560"},{"taxonomy":"product_tag","embeddable":true,"href":"https:\/\/royalfood.ch\/en\/wp-json\/wp\/v2\/product_tag?post=10560"}],"curies":[{"name":"wp","href":"https:\/\/api.w.org\/{rel}","templated":true}]}}