{"id":10548,"date":"2025-11-01T17:56:08","date_gmt":"2025-11-01T14:56:08","guid":{"rendered":"https:\/\/royalfood.ch\/?post_type=product&#038;p=10548"},"modified":"2025-11-01T17:56:43","modified_gmt":"2025-11-01T14:56:43","slug":"pizza-parma","status":"publish","type":"product","link":"https:\/\/royalfood.ch\/en\/product\/pizza-parma\/","title":{"rendered":"Pizza parma"},"content":{"rendered":"<p>Sauce tomate, mozzarella, jambon de Parme<\/p>","protected":false},"excerpt":{"rendered":"<p data-start=\"76\" data-end=\"367\">\u00c9l\u00e9gante et raffin\u00e9e, la Pizza Parma rend hommage \u00e0 l\u2019excellence italienne et \u00e0 la simplicit\u00e9 des bons produits. Sur une base de sauce tomate maison, mijot\u00e9e lentement pour r\u00e9v\u00e9ler toute sa douceur et sa richesse aromatique, s\u2019\u00e9tend une mozzarella fondante, cr\u00e9meuse et l\u00e9g\u00e8re.<\/p>\n<p data-start=\"369\" data-end=\"690\">Le tout est sublim\u00e9 par de fines tranches de jambon de Parme, s\u00e9ch\u00e9 naturellement et tranch\u00e9 \u00e0 la main pour pr\u00e9server sa texture d\u00e9licate et son go\u00fbt subtilement sal\u00e9. Ce mariage d\u2019ingr\u00e9dients nobles cr\u00e9e un \u00e9quilibre parfait entre la fra\u00eecheur de la tomate, le fondant du fromage et la profondeur du jambon affin\u00e9.<\/p>\n<p data-start=\"692\" data-end=\"871\">Cuite \u00e0 la perfection sur une p\u00e2te fine, dor\u00e9e et croustillante, cette pizza incarne l\u2019essence m\u00eame de la cuisine italienne : simple, authentique et irr\u00e9sistiblement savoureuse.<\/p>\n<p data-start=\"873\" data-end=\"1027\" data-is-last-node=\"\" data-is-only-node=\"\">Une pizza d\u2019exception, \u00e0 savourer avec un verre de vin rouge ou une eau p\u00e9tillante citronn\u00e9e \u2014 pour un moment \u00e0 la fois chic et plein de caract\u00e8re.<\/p>","protected":false},"featured_media":0,"comment_status":"open","ping_status":"closed","template":"","meta":[],"product_brand":[191],"product_cat":[188],"product_tag":[],"class_list":{"0":"post-10548","1":"product","2":"type-product","3":"status-publish","5":"product_brand-royal-food","6":"product_cat-pizza","8":"first","9":"instock","10":"shipping-taxable","11":"purchasable","12":"product-type-variable"},"_links":{"self":[{"href":"https:\/\/royalfood.ch\/en\/wp-json\/wp\/v2\/product\/10548","targetHints":{"allow":["GET"]}}],"collection":[{"href":"https:\/\/royalfood.ch\/en\/wp-json\/wp\/v2\/product"}],"about":[{"href":"https:\/\/royalfood.ch\/en\/wp-json\/wp\/v2\/types\/product"}],"replies":[{"embeddable":true,"href":"https:\/\/royalfood.ch\/en\/wp-json\/wp\/v2\/comments?post=10548"}],"wp:attachment":[{"href":"https:\/\/royalfood.ch\/en\/wp-json\/wp\/v2\/media?parent=10548"}],"wp:term":[{"taxonomy":"product_brand","embeddable":true,"href":"https:\/\/royalfood.ch\/en\/wp-json\/wp\/v2\/product_brand?post=10548"},{"taxonomy":"product_cat","embeddable":true,"href":"https:\/\/royalfood.ch\/en\/wp-json\/wp\/v2\/product_cat?post=10548"},{"taxonomy":"product_tag","embeddable":true,"href":"https:\/\/royalfood.ch\/en\/wp-json\/wp\/v2\/product_tag?post=10548"}],"curies":[{"name":"wp","href":"https:\/\/api.w.org\/{rel}","templated":true}]}}