{"id":10532,"date":"2025-10-31T16:34:45","date_gmt":"2025-10-31T13:34:45","guid":{"rendered":"https:\/\/royalfood.ch\/?post_type=product&#038;p=10532"},"modified":"2025-10-31T16:35:45","modified_gmt":"2025-10-31T13:35:45","slug":"pizza-calzona","status":"publish","type":"product","link":"https:\/\/royalfood.ch\/en\/product\/pizza-calzona\/","title":{"rendered":"Pizza Calzona"},"content":{"rendered":"<p>Sauce tomate, mozzarella, jambon, champignons, oeuf<\/p>","protected":false},"excerpt":{"rendered":"<article class=\"text-token-text-primary w-full focus:outline-none [--shadow-height:45px] has-data-writing-block:pointer-events-none has-data-writing-block:-mt-(--shadow-height) has-data-writing-block:pt-(--shadow-height) [&amp;:has([data-writing-block])&gt;*]:pointer-events-auto [content-visibility:auto] supports-[content-visibility:auto]:[contain-intrinsic-size:auto_100lvh] scroll-mt-[calc(var(--header-height)+min(200px,max(70px,20svh)))]\" dir=\"auto\" tabindex=\"-1\" data-turn-id=\"request-WEB:e5011c7c-f7e0-411a-aebd-6b53632aead9-5\" data-testid=\"conversation-turn-12\" data-scroll-anchor=\"true\" data-turn=\"assistant\">\n<div class=\"text-base my-auto mx-auto pb-10 [--thread-content-margin:--spacing(4)] thread-sm:[--thread-content-margin:--spacing(6)] thread-lg:[--thread-content-margin:--spacing(16)] px-(--thread-content-margin)\">\n<div class=\"[--thread-content-max-width:40rem] thread-lg:[--thread-content-max-width:48rem] mx-auto max-w-(--thread-content-max-width) flex-1 group\/turn-messages focus-visible:outline-hidden relative flex w-full min-w-0 flex-col agent-turn\" tabindex=\"-1\">\n<div class=\"flex max-w-full flex-col grow\">\n<div class=\"min-h-8 text-message relative flex w-full flex-col items-end gap-2 text-start break-words whitespace-normal [.text-message+&amp;]:mt-1\" dir=\"auto\" data-message-author-role=\"assistant\" data-message-id=\"ce00bf03-e4e0-4b3f-acab-dc88770ae32e\" data-message-model-slug=\"gpt-5\">\n<div class=\"flex w-full flex-col gap-1 empty:hidden first:pt-[1px]\">\n<div class=\"markdown prose dark:prose-invert w-full break-words dark markdown-new-styling\">\n<p data-start=\"87\" data-end=\"480\">Symbole de la tradition napolitaine, la Pizza Calzone est une v\u00e9ritable surprise gourmande : une pizza repli\u00e9e sur elle-m\u00eame, dor\u00e9e \u00e0 la perfection, qui cache un c\u0153ur fondant et savoureux. Sous sa cro\u00fbte croustillante se d\u00e9voile un m\u00e9lange irr\u00e9sistible de sauce tomate maison, de mozzarella filante, de jambon d\u00e9licatement sal\u00e9, et de champignons frais l\u00e9g\u00e8rement saut\u00e9s.<\/p>\n<p data-start=\"482\" data-end=\"730\">L\u2019\u0153uf, ajout\u00e9 au centre, apporte une texture onctueuse et une richesse suppl\u00e9mentaire qui lie tous les ingr\u00e9dients dans une harmonie parfaite. Chaque bouch\u00e9e r\u00e9v\u00e8le un \u00e9quilibre entre le croustillant de la p\u00e2te et le moelleux de la garniture.<\/p>\n<p data-start=\"732\" data-end=\"860\">Pr\u00e9par\u00e9e \u00e0 la main et cuite selon la tradition italienne, la Calzone s\u00e9duit autant par sa g\u00e9n\u00e9rosit\u00e9 que par son authenticit\u00e9.<\/p>\n<p data-start=\"862\" data-end=\"1049\" data-is-last-node=\"\" data-is-only-node=\"\">Un classique intemporel, id\u00e9al pour ceux qui aiment les saveurs riches et r\u00e9confortantes \u2014 \u00e0 savourer chaud, accompagn\u00e9 d\u2019un vin rouge l\u00e9ger ou d\u2019une limonade italienne artisanale.<\/p>\n<\/div>\n<\/div>\n<\/div>\n<\/div>\n<div class=\"z-0 flex min-h-[46px] justify-start\"><\/div>\n<div class=\"mt-3 w-full empty:hidden\">\n<div class=\"text-center\"><\/div>\n<\/div>\n<\/div>\n<\/div>\n<\/article>\n<div class=\"pointer-events-none h-px w-px\" aria-hidden=\"true\" data-edge=\"true\"><\/div>","protected":false},"featured_media":0,"comment_status":"open","ping_status":"closed","template":"","meta":[],"product_brand":[191],"product_cat":[188],"product_tag":[],"class_list":{"0":"post-10532","1":"product","2":"type-product","3":"status-publish","5":"product_brand-royal-food","6":"product_cat-pizza","8":"first","9":"instock","10":"shipping-taxable","11":"purchasable","12":"product-type-variable"},"_links":{"self":[{"href":"https:\/\/royalfood.ch\/en\/wp-json\/wp\/v2\/product\/10532","targetHints":{"allow":["GET"]}}],"collection":[{"href":"https:\/\/royalfood.ch\/en\/wp-json\/wp\/v2\/product"}],"about":[{"href":"https:\/\/royalfood.ch\/en\/wp-json\/wp\/v2\/types\/product"}],"replies":[{"embeddable":true,"href":"https:\/\/royalfood.ch\/en\/wp-json\/wp\/v2\/comments?post=10532"}],"wp:attachment":[{"href":"https:\/\/royalfood.ch\/en\/wp-json\/wp\/v2\/media?parent=10532"}],"wp:term":[{"taxonomy":"product_brand","embeddable":true,"href":"https:\/\/royalfood.ch\/en\/wp-json\/wp\/v2\/product_brand?post=10532"},{"taxonomy":"product_cat","embeddable":true,"href":"https:\/\/royalfood.ch\/en\/wp-json\/wp\/v2\/product_cat?post=10532"},{"taxonomy":"product_tag","embeddable":true,"href":"https:\/\/royalfood.ch\/en\/wp-json\/wp\/v2\/product_tag?post=10532"}],"curies":[{"name":"wp","href":"https:\/\/api.w.org\/{rel}","templated":true}]}}