{"id":10431,"date":"2025-10-21T15:52:42","date_gmt":"2025-10-21T12:52:42","guid":{"rendered":"https:\/\/royalfood.ch\/?post_type=product&#038;p=10431"},"modified":"2025-10-21T15:58:59","modified_gmt":"2025-10-21T12:58:59","slug":"larde-royal","status":"publish","type":"product","link":"https:\/\/royalfood.ch\/en\/product\/larde-royal\/","title":{"rendered":"Larde Royal"},"content":{"rendered":"<p>Merguez, lardon ,olives,\u0153uf<\/p>","protected":false},"excerpt":{"rendered":"<p>Une pizza riche et gourmande, aux saveurs puissantes et parfaitement \u00e9quilibr\u00e9es.\u00a0<br data-start=\"217\" data-end=\"220\" \/>Pr\u00e9par\u00e9e avec une base de sauce tomate onctueuse et de mozzarella fondante, garnie de <strong data-start=\"306\" data-end=\"325\">merguez \u00e9pic\u00e9es<\/strong>, de <strong data-start=\"330\" data-end=\"355\">lardons croustillants<\/strong>, d\u2019<strong data-start=\"359\" data-end=\"376\" data-is-only-node=\"\">olives noires<\/strong> et d\u2019un <strong data-start=\"385\" data-end=\"392\">\u0153uf<\/strong> d\u00e9licatement cuit au centre.<br data-start=\"421\" data-end=\"424\" \/>L\u2019association du piquant de la merguez et du fondant du fromage, relev\u00e9e par le go\u00fbt fum\u00e9 des lardons, cr\u00e9e une explosion de saveurs en bouche.<br data-start=\"567\" data-end=\"570\" \/>Une pizza royale, copieuse et irr\u00e9sistible \u2014 parfaite pour les amateurs de caract\u00e8re et de gourmandise.<\/p>","protected":false},"featured_media":0,"comment_status":"open","ping_status":"closed","template":"","meta":[],"product_brand":[191],"product_cat":[188],"product_tag":[],"class_list":{"0":"post-10431","1":"product","2":"type-product","3":"status-publish","5":"product_brand-royal-food","6":"product_cat-pizza","8":"first","9":"instock","10":"shipping-taxable","11":"purchasable","12":"product-type-variable"},"_links":{"self":[{"href":"https:\/\/royalfood.ch\/en\/wp-json\/wp\/v2\/product\/10431","targetHints":{"allow":["GET"]}}],"collection":[{"href":"https:\/\/royalfood.ch\/en\/wp-json\/wp\/v2\/product"}],"about":[{"href":"https:\/\/royalfood.ch\/en\/wp-json\/wp\/v2\/types\/product"}],"replies":[{"embeddable":true,"href":"https:\/\/royalfood.ch\/en\/wp-json\/wp\/v2\/comments?post=10431"}],"wp:attachment":[{"href":"https:\/\/royalfood.ch\/en\/wp-json\/wp\/v2\/media?parent=10431"}],"wp:term":[{"taxonomy":"product_brand","embeddable":true,"href":"https:\/\/royalfood.ch\/en\/wp-json\/wp\/v2\/product_brand?post=10431"},{"taxonomy":"product_cat","embeddable":true,"href":"https:\/\/royalfood.ch\/en\/wp-json\/wp\/v2\/product_cat?post=10431"},{"taxonomy":"product_tag","embeddable":true,"href":"https:\/\/royalfood.ch\/en\/wp-json\/wp\/v2\/product_tag?post=10431"}],"curies":[{"name":"wp","href":"https:\/\/api.w.org\/{rel}","templated":true}]}}