{"id":10398,"date":"2025-10-21T15:10:00","date_gmt":"2025-10-21T12:10:00","guid":{"rendered":"https:\/\/royalfood.ch\/?post_type=product&#038;p=10398"},"modified":"2025-10-21T15:13:32","modified_gmt":"2025-10-21T12:13:32","slug":"pizza-merguez","status":"publish","type":"product","link":"https:\/\/royalfood.ch\/en\/product\/pizza-merguez\/","title":{"rendered":"Pizza merguez"},"content":{"rendered":"<p>Sauce tomate, mozzarella, merguez<\/p>","protected":false},"excerpt":{"rendered":"<p>Une pizza pleine de caract\u00e8re et de saveurs m\u00e9diterran\u00e9ennes.<\/p>\n<p>Pr\u00e9par\u00e9e avec une base de sauce tomate parfum\u00e9e, recouverte de mozzarella fondante et agr\u00e9ment\u00e9e de merguez grill\u00e9es \u00e0 la perfection.<br data-start=\"326\" data-end=\"329\" \/>Chaque bouch\u00e9e offre un \u00e9quilibre entre la douceur du fromage et le piquant relev\u00e9 des merguez \u2014 une exp\u00e9rience gourmande et ensoleill\u00e9e pour les amateurs de sensations fortes.<\/p>","protected":false},"featured_media":0,"comment_status":"open","ping_status":"closed","template":"","meta":[],"product_brand":[191],"product_cat":[188],"product_tag":[],"class_list":{"0":"post-10398","1":"product","2":"type-product","3":"status-publish","5":"product_brand-royal-food","6":"product_cat-pizza","8":"first","9":"instock","10":"shipping-taxable","11":"purchasable","12":"product-type-variable"},"_links":{"self":[{"href":"https:\/\/royalfood.ch\/en\/wp-json\/wp\/v2\/product\/10398","targetHints":{"allow":["GET"]}}],"collection":[{"href":"https:\/\/royalfood.ch\/en\/wp-json\/wp\/v2\/product"}],"about":[{"href":"https:\/\/royalfood.ch\/en\/wp-json\/wp\/v2\/types\/product"}],"replies":[{"embeddable":true,"href":"https:\/\/royalfood.ch\/en\/wp-json\/wp\/v2\/comments?post=10398"}],"wp:attachment":[{"href":"https:\/\/royalfood.ch\/en\/wp-json\/wp\/v2\/media?parent=10398"}],"wp:term":[{"taxonomy":"product_brand","embeddable":true,"href":"https:\/\/royalfood.ch\/en\/wp-json\/wp\/v2\/product_brand?post=10398"},{"taxonomy":"product_cat","embeddable":true,"href":"https:\/\/royalfood.ch\/en\/wp-json\/wp\/v2\/product_cat?post=10398"},{"taxonomy":"product_tag","embeddable":true,"href":"https:\/\/royalfood.ch\/en\/wp-json\/wp\/v2\/product_tag?post=10398"}],"curies":[{"name":"wp","href":"https:\/\/api.w.org\/{rel}","templated":true}]}}