{"id":10383,"date":"2025-10-21T00:04:09","date_gmt":"2025-10-20T21:04:09","guid":{"rendered":"https:\/\/royalfood.ch\/?post_type=product&#038;p=10383"},"modified":"2025-10-21T00:10:30","modified_gmt":"2025-10-20T21:10:30","slug":"pizza-champignons","status":"publish","type":"product","link":"https:\/\/royalfood.ch\/en\/product\/pizza-champignons\/","title":{"rendered":"Pizza champignons"},"content":{"rendered":"<p>Sauce tomate, mozzarella, champignons de Paris<\/p>","protected":false},"excerpt":{"rendered":"<p>Savourez notre <strong data-start=\"263\" data-end=\"284\">Pizza Champignons<\/strong>, pr\u00e9par\u00e9e avec une base de sauce tomate parfum\u00e9e, de mozzarella fondante et de champignons frais d\u00e9licatement tranch\u00e9s.<br data-start=\"404\" data-end=\"407\" \/>Une recette simple, authentique et pleine de go\u00fbt, parfaite pour les amateurs de saveurs naturelles et douces.<\/p>","protected":false},"featured_media":10387,"comment_status":"open","ping_status":"closed","template":"","meta":[],"product_brand":[191],"product_cat":[188],"product_tag":[],"class_list":{"0":"post-10383","1":"product","2":"type-product","3":"status-publish","4":"has-post-thumbnail","6":"product_brand-royal-food","7":"product_cat-pizza","9":"first","10":"instock","11":"shipping-taxable","12":"purchasable","13":"product-type-variable"},"_links":{"self":[{"href":"https:\/\/royalfood.ch\/en\/wp-json\/wp\/v2\/product\/10383","targetHints":{"allow":["GET"]}}],"collection":[{"href":"https:\/\/royalfood.ch\/en\/wp-json\/wp\/v2\/product"}],"about":[{"href":"https:\/\/royalfood.ch\/en\/wp-json\/wp\/v2\/types\/product"}],"replies":[{"embeddable":true,"href":"https:\/\/royalfood.ch\/en\/wp-json\/wp\/v2\/comments?post=10383"}],"wp:featuredmedia":[{"embeddable":true,"href":"https:\/\/royalfood.ch\/en\/wp-json\/wp\/v2\/media\/10387"}],"wp:attachment":[{"href":"https:\/\/royalfood.ch\/en\/wp-json\/wp\/v2\/media?parent=10383"}],"wp:term":[{"taxonomy":"product_brand","embeddable":true,"href":"https:\/\/royalfood.ch\/en\/wp-json\/wp\/v2\/product_brand?post=10383"},{"taxonomy":"product_cat","embeddable":true,"href":"https:\/\/royalfood.ch\/en\/wp-json\/wp\/v2\/product_cat?post=10383"},{"taxonomy":"product_tag","embeddable":true,"href":"https:\/\/royalfood.ch\/en\/wp-json\/wp\/v2\/product_tag?post=10383"}],"curies":[{"name":"wp","href":"https:\/\/api.w.org\/{rel}","templated":true}]}}