{"id":10379,"date":"2025-10-20T23:59:25","date_gmt":"2025-10-20T20:59:25","guid":{"rendered":"https:\/\/royalfood.ch\/?post_type=product&#038;p=10379"},"modified":"2025-10-21T00:02:47","modified_gmt":"2025-10-20T21:02:47","slug":"my-pizza","status":"publish","type":"product","link":"https:\/\/royalfood.ch\/en\/product\/my-pizza\/","title":{"rendered":"My Pizza"},"content":{"rendered":"<p>Sauce tomate, mozzarella, suppl\u00e9ments pour chaque ingr\u00e9dients<\/p>","protected":false},"excerpt":{"rendered":"<p>La pizza personnalis\u00e9e selon vos envies !\u00a0<br data-start=\"188\" data-end=\"191\" \/>Une base savoureuse de sauce tomate et de mozzarella fondante, \u00e0 laquelle vous pouvez ajouter les ingr\u00e9dients de votre choix.<br data-start=\"316\" data-end=\"319\" \/>Composez votre propre cr\u00e9ation en ajoutant des suppl\u00e9ments parmi nos garnitures fra\u00eeches et vari\u00e9es \u2014 l\u00e9gumes, viandes, fromages ou sauces sp\u00e9ciales.<br data-start=\"468\" data-end=\"471\" \/>Une exp\u00e9rience sur mesure pour les vrais amateurs de pizza artisanale!<\/p>","protected":false},"featured_media":0,"comment_status":"open","ping_status":"closed","template":"","meta":[],"product_brand":[191],"product_cat":[188],"product_tag":[],"class_list":{"0":"post-10379","1":"product","2":"type-product","3":"status-publish","5":"product_brand-royal-food","6":"product_cat-pizza","8":"first","9":"instock","10":"shipping-taxable","11":"purchasable","12":"product-type-variable"},"_links":{"self":[{"href":"https:\/\/royalfood.ch\/en\/wp-json\/wp\/v2\/product\/10379","targetHints":{"allow":["GET"]}}],"collection":[{"href":"https:\/\/royalfood.ch\/en\/wp-json\/wp\/v2\/product"}],"about":[{"href":"https:\/\/royalfood.ch\/en\/wp-json\/wp\/v2\/types\/product"}],"replies":[{"embeddable":true,"href":"https:\/\/royalfood.ch\/en\/wp-json\/wp\/v2\/comments?post=10379"}],"wp:attachment":[{"href":"https:\/\/royalfood.ch\/en\/wp-json\/wp\/v2\/media?parent=10379"}],"wp:term":[{"taxonomy":"product_brand","embeddable":true,"href":"https:\/\/royalfood.ch\/en\/wp-json\/wp\/v2\/product_brand?post=10379"},{"taxonomy":"product_cat","embeddable":true,"href":"https:\/\/royalfood.ch\/en\/wp-json\/wp\/v2\/product_cat?post=10379"},{"taxonomy":"product_tag","embeddable":true,"href":"https:\/\/royalfood.ch\/en\/wp-json\/wp\/v2\/product_tag?post=10379"}],"curies":[{"name":"wp","href":"https:\/\/api.w.org\/{rel}","templated":true}]}}