{"id":10371,"date":"2025-10-20T23:57:59","date_gmt":"2025-10-20T20:57:59","guid":{"rendered":"https:\/\/royalfood.ch\/?post_type=product&#038;p=10371"},"modified":"2025-10-20T23:57:59","modified_gmt":"2025-10-20T20:57:59","slug":"pizza-marguerite","status":"publish","type":"product","link":"https:\/\/royalfood.ch\/en\/product\/pizza-marguerite\/","title":{"rendered":"Pizza marguerite"},"content":{"rendered":"<p>Sauce tomate, mozzarella, origan<\/p>","protected":false},"excerpt":{"rendered":"<p>Un grand classique italien, simple et savoureux.\u00a0<br data-start=\"207\" data-end=\"210\" \/>Pr\u00e9par\u00e9e avec une base de sauce tomate parfum\u00e9e, recouverte de mozzarella fondante et relev\u00e9e d\u2019une touche d\u2019origan.<br data-start=\"326\" data-end=\"329\" \/>Une pizza authentique, l\u00e9g\u00e8re et \u00e9quilibr\u00e9e \u2014 l\u2019essence m\u00eame de la tradition napolitaine.<\/p>","protected":false},"featured_media":0,"comment_status":"open","ping_status":"closed","template":"","meta":[],"product_brand":[191],"product_cat":[188],"product_tag":[],"class_list":{"0":"post-10371","1":"product","2":"type-product","3":"status-publish","5":"product_brand-royal-food","6":"product_cat-pizza","8":"first","9":"instock","10":"shipping-taxable","11":"purchasable","12":"product-type-variable"},"_links":{"self":[{"href":"https:\/\/royalfood.ch\/en\/wp-json\/wp\/v2\/product\/10371","targetHints":{"allow":["GET"]}}],"collection":[{"href":"https:\/\/royalfood.ch\/en\/wp-json\/wp\/v2\/product"}],"about":[{"href":"https:\/\/royalfood.ch\/en\/wp-json\/wp\/v2\/types\/product"}],"replies":[{"embeddable":true,"href":"https:\/\/royalfood.ch\/en\/wp-json\/wp\/v2\/comments?post=10371"}],"wp:attachment":[{"href":"https:\/\/royalfood.ch\/en\/wp-json\/wp\/v2\/media?parent=10371"}],"wp:term":[{"taxonomy":"product_brand","embeddable":true,"href":"https:\/\/royalfood.ch\/en\/wp-json\/wp\/v2\/product_brand?post=10371"},{"taxonomy":"product_cat","embeddable":true,"href":"https:\/\/royalfood.ch\/en\/wp-json\/wp\/v2\/product_cat?post=10371"},{"taxonomy":"product_tag","embeddable":true,"href":"https:\/\/royalfood.ch\/en\/wp-json\/wp\/v2\/product_tag?post=10371"}],"curies":[{"name":"wp","href":"https:\/\/api.w.org\/{rel}","templated":true}]}}