{"id":10365,"date":"2025-10-20T23:40:23","date_gmt":"2025-10-20T20:40:23","guid":{"rendered":"https:\/\/royalfood.ch\/?post_type=product&#038;p=10365"},"modified":"2025-10-20T23:41:44","modified_gmt":"2025-10-20T20:41:44","slug":"gourmet-kebab-vache-qui-rit","status":"publish","type":"product","link":"https:\/\/royalfood.ch\/en\/product\/gourmet-kebab-vache-qui-rit\/","title":{"rendered":"Gourmet kebab vache qui-rit"},"content":{"rendered":"<p>Un kebab gourmet \u00e0 la Vache qui rit fondante, servi avec une boisson au choix.<\/p>","protected":false},"excerpt":{"rendered":"<p>D\u00e9couvrez notre <strong data-start=\"281\" data-end=\"312\">Gourmet Kebab Vache qui rit<\/strong>, une recette originale et cr\u00e9meuse qui allie la tendresse de la viande grill\u00e9e \u00e0 la douceur du c\u00e9l\u00e8bre fromage fondant.<br data-start=\"432\" data-end=\"435\" \/>Servi dans un pain chaud et moelleux, garni de crudit\u00e9s fra\u00eeches et accompagn\u00e9 d\u2019une boisson au choix.<br data-start=\"537\" data-end=\"540\" \/>Un kebab onctueux, savoureux et plein de r\u00e9confort \u2014 parfait pour une pause gourmande!<\/p>","protected":false},"featured_media":0,"comment_status":"open","ping_status":"closed","template":"","meta":[],"product_brand":[191],"product_cat":[186],"product_tag":[],"class_list":{"0":"post-10365","1":"product","2":"type-product","3":"status-publish","5":"product_brand-royal-food","6":"product_cat-gourmet-kebab-sandwich","8":"first","9":"instock","10":"shipping-taxable","11":"purchasable","12":"product-type-simple"},"_links":{"self":[{"href":"https:\/\/royalfood.ch\/en\/wp-json\/wp\/v2\/product\/10365","targetHints":{"allow":["GET"]}}],"collection":[{"href":"https:\/\/royalfood.ch\/en\/wp-json\/wp\/v2\/product"}],"about":[{"href":"https:\/\/royalfood.ch\/en\/wp-json\/wp\/v2\/types\/product"}],"replies":[{"embeddable":true,"href":"https:\/\/royalfood.ch\/en\/wp-json\/wp\/v2\/comments?post=10365"}],"wp:attachment":[{"href":"https:\/\/royalfood.ch\/en\/wp-json\/wp\/v2\/media?parent=10365"}],"wp:term":[{"taxonomy":"product_brand","embeddable":true,"href":"https:\/\/royalfood.ch\/en\/wp-json\/wp\/v2\/product_brand?post=10365"},{"taxonomy":"product_cat","embeddable":true,"href":"https:\/\/royalfood.ch\/en\/wp-json\/wp\/v2\/product_cat?post=10365"},{"taxonomy":"product_tag","embeddable":true,"href":"https:\/\/royalfood.ch\/en\/wp-json\/wp\/v2\/product_tag?post=10365"}],"curies":[{"name":"wp","href":"https:\/\/api.w.org\/{rel}","templated":true}]}}