{"id":10361,"date":"2025-10-20T23:15:50","date_gmt":"2025-10-20T20:15:50","guid":{"rendered":"https:\/\/royalfood.ch\/?post_type=product&#038;p=10361"},"modified":"2025-10-20T23:20:35","modified_gmt":"2025-10-20T20:20:35","slug":"gourmet-kebab-feta","status":"publish","type":"product","link":"https:\/\/royalfood.ch\/en\/product\/gourmet-kebab-feta\/","title":{"rendered":"Gourmet kebab feta"},"content":{"rendered":"<p>0,33l,\u00a0<span data-qa=\"text\"><span class=\"formatted-currency-style_content__VNVsV\" aria-hidden=\"false\">66,67\u00a0CHF<\/span><\/span>\/1l<\/p>\n<p>Un kebab gourmet \u00e0 la feta, viande grill\u00e9e, crudit\u00e9s fra\u00eeches et sauce au choix.<\/p>","protected":false},"excerpt":{"rendered":"<p>Savourez notre <strong data-start=\"273\" data-end=\"295\">Gourmet Kebab Feta<\/strong>, une cr\u00e9ation inspir\u00e9e des saveurs m\u00e9diterran\u00e9ennes.\u00a0<br data-start=\"353\" data-end=\"356\" \/>Pr\u00e9par\u00e9 avec de la viande grill\u00e9e tendre, du fromage feta \u00e9miett\u00e9, des crudit\u00e9s fra\u00eeches et une sauce au choix, le tout servi dans un pain chaud et moelleux.<br data-start=\"513\" data-end=\"516\" \/>Un m\u00e9lange parfait entre fra\u00eecheur, onctuosit\u00e9 et caract\u00e8re \u2014 une exp\u00e9rience gourmande et ensoleill\u00e9e \u00e0 chaque bouch\u00e9e.<\/p>","protected":false},"featured_media":0,"comment_status":"open","ping_status":"closed","template":"","meta":[],"product_brand":[191],"product_cat":[186],"product_tag":[],"class_list":{"0":"post-10361","1":"product","2":"type-product","3":"status-publish","5":"product_brand-royal-food","6":"product_cat-gourmet-kebab-sandwich","8":"first","9":"instock","10":"shipping-taxable","11":"purchasable","12":"product-type-simple"},"_links":{"self":[{"href":"https:\/\/royalfood.ch\/en\/wp-json\/wp\/v2\/product\/10361","targetHints":{"allow":["GET"]}}],"collection":[{"href":"https:\/\/royalfood.ch\/en\/wp-json\/wp\/v2\/product"}],"about":[{"href":"https:\/\/royalfood.ch\/en\/wp-json\/wp\/v2\/types\/product"}],"replies":[{"embeddable":true,"href":"https:\/\/royalfood.ch\/en\/wp-json\/wp\/v2\/comments?post=10361"}],"wp:attachment":[{"href":"https:\/\/royalfood.ch\/en\/wp-json\/wp\/v2\/media?parent=10361"}],"wp:term":[{"taxonomy":"product_brand","embeddable":true,"href":"https:\/\/royalfood.ch\/en\/wp-json\/wp\/v2\/product_brand?post=10361"},{"taxonomy":"product_cat","embeddable":true,"href":"https:\/\/royalfood.ch\/en\/wp-json\/wp\/v2\/product_cat?post=10361"},{"taxonomy":"product_tag","embeddable":true,"href":"https:\/\/royalfood.ch\/en\/wp-json\/wp\/v2\/product_tag?post=10361"}],"curies":[{"name":"wp","href":"https:\/\/api.w.org\/{rel}","templated":true}]}}