{"id":10355,"date":"2025-10-20T21:46:58","date_gmt":"2025-10-20T18:46:58","guid":{"rendered":"https:\/\/royalfood.ch\/?post_type=product&#038;p=10355"},"modified":"2025-10-20T23:36:27","modified_gmt":"2025-10-20T20:36:27","slug":"gourmet-kebab-burrata","status":"publish","type":"product","link":"https:\/\/royalfood.ch\/en\/product\/gourmet-kebab-burrata\/","title":{"rendered":"Gourmet kebab burrata"},"content":{"rendered":"<p>0,33l,\u00a0<span data-qa=\"text\"><span class=\"formatted-currency-style_content__VNVsV\" aria-hidden=\"false\">69,70\u00a0CHF<\/span><\/span>\/1l<\/p>\n<p>Un kebab gourmet garni de burrata fondante, viande grill\u00e9e et sauce au choix.<\/p>","protected":false},"excerpt":{"rendered":"<p>Savourez notre <strong data-start=\"273\" data-end=\"298\">Gourmet Kebab Burrata<\/strong>, une cr\u00e9ation raffin\u00e9e qui marie la douceur de la burrata italienne \u00e0 la richesse de la viande grill\u00e9e.<br data-start=\"402\" data-end=\"405\" \/>Servi dans un pain chaud et moelleux, garni de crudit\u00e9s fra\u00eeches et d\u2019une sauce au choix, ce kebab offre une exp\u00e9rience unique, \u00e0 la fois fondante et savoureuse.<br data-start=\"566\" data-end=\"569\" \/>Un vrai plaisir pour les amateurs de fromages cr\u00e9meux et de cuisine gourmet.<\/p>","protected":false},"featured_media":0,"comment_status":"open","ping_status":"closed","template":"","meta":[],"product_brand":[191],"product_cat":[186],"product_tag":[],"class_list":{"0":"post-10355","1":"product","2":"type-product","3":"status-publish","5":"product_brand-royal-food","6":"product_cat-gourmet-kebab-sandwich","8":"first","9":"instock","10":"shipping-taxable","11":"purchasable","12":"product-type-simple"},"_links":{"self":[{"href":"https:\/\/royalfood.ch\/en\/wp-json\/wp\/v2\/product\/10355","targetHints":{"allow":["GET"]}}],"collection":[{"href":"https:\/\/royalfood.ch\/en\/wp-json\/wp\/v2\/product"}],"about":[{"href":"https:\/\/royalfood.ch\/en\/wp-json\/wp\/v2\/types\/product"}],"replies":[{"embeddable":true,"href":"https:\/\/royalfood.ch\/en\/wp-json\/wp\/v2\/comments?post=10355"}],"wp:attachment":[{"href":"https:\/\/royalfood.ch\/en\/wp-json\/wp\/v2\/media?parent=10355"}],"wp:term":[{"taxonomy":"product_brand","embeddable":true,"href":"https:\/\/royalfood.ch\/en\/wp-json\/wp\/v2\/product_brand?post=10355"},{"taxonomy":"product_cat","embeddable":true,"href":"https:\/\/royalfood.ch\/en\/wp-json\/wp\/v2\/product_cat?post=10355"},{"taxonomy":"product_tag","embeddable":true,"href":"https:\/\/royalfood.ch\/en\/wp-json\/wp\/v2\/product_tag?post=10355"}],"curies":[{"name":"wp","href":"https:\/\/api.w.org\/{rel}","templated":true}]}}