{"id":10354,"date":"2025-10-20T21:46:40","date_gmt":"2025-10-20T18:46:40","guid":{"rendered":"https:\/\/royalfood.ch\/?post_type=product&#038;p=10354"},"modified":"2025-10-20T21:46:40","modified_gmt":"2025-10-20T18:46:40","slug":"gourmet-kebab-pain-maison-avocado","status":"publish","type":"product","link":"https:\/\/royalfood.ch\/en\/product\/gourmet-kebab-pain-maison-avocado\/","title":{"rendered":"Gourmet kebab pain maison avocado"},"content":{"rendered":"<p>Un kebab gourmet au pain maison, garni d\u2019avocat cr\u00e9meux, viande grill\u00e9e et sauce au choix.<\/p>","protected":false},"excerpt":{"rendered":"<p>D\u00e9couvrez notre <strong data-start=\"299\" data-end=\"336\">Gourmet Kebab Pain Maison Avocado<\/strong>, une cr\u00e9ation raffin\u00e9e et pleine de fra\u00eecheur.<br data-start=\"383\" data-end=\"386\" \/>Pr\u00e9par\u00e9 avec un pain maison moelleux, garni de viande grill\u00e9e tendre, d\u2019avocat onctueux, de crudit\u00e9s fra\u00eeches et d\u2019une sauce au choix.<br data-start=\"520\" data-end=\"523\" \/>Un m\u00e9lange parfait entre douceur, caract\u00e8re et modernit\u00e9 \u2014 une touche d\u2019exotisme dans un kebab maison gourmand.<\/p>","protected":false},"featured_media":0,"comment_status":"open","ping_status":"closed","template":"","meta":[],"product_brand":[191],"product_cat":[186],"product_tag":[],"class_list":{"0":"post-10354","1":"product","2":"type-product","3":"status-publish","5":"product_brand-royal-food","6":"product_cat-gourmet-kebab-sandwich","8":"first","9":"instock","10":"shipping-taxable","11":"purchasable","12":"product-type-simple"},"_links":{"self":[{"href":"https:\/\/royalfood.ch\/en\/wp-json\/wp\/v2\/product\/10354","targetHints":{"allow":["GET"]}}],"collection":[{"href":"https:\/\/royalfood.ch\/en\/wp-json\/wp\/v2\/product"}],"about":[{"href":"https:\/\/royalfood.ch\/en\/wp-json\/wp\/v2\/types\/product"}],"replies":[{"embeddable":true,"href":"https:\/\/royalfood.ch\/en\/wp-json\/wp\/v2\/comments?post=10354"}],"wp:attachment":[{"href":"https:\/\/royalfood.ch\/en\/wp-json\/wp\/v2\/media?parent=10354"}],"wp:term":[{"taxonomy":"product_brand","embeddable":true,"href":"https:\/\/royalfood.ch\/en\/wp-json\/wp\/v2\/product_brand?post=10354"},{"taxonomy":"product_cat","embeddable":true,"href":"https:\/\/royalfood.ch\/en\/wp-json\/wp\/v2\/product_cat?post=10354"},{"taxonomy":"product_tag","embeddable":true,"href":"https:\/\/royalfood.ch\/en\/wp-json\/wp\/v2\/product_tag?post=10354"}],"curies":[{"name":"wp","href":"https:\/\/api.w.org\/{rel}","templated":true}]}}