{"id":10351,"date":"2025-10-20T21:36:51","date_gmt":"2025-10-20T18:36:51","guid":{"rendered":"https:\/\/royalfood.ch\/?post_type=product&#038;p=10351"},"modified":"2025-10-20T21:38:17","modified_gmt":"2025-10-20T18:38:17","slug":"gourmet-durum-burrata","status":"publish","type":"product","link":"https:\/\/royalfood.ch\/en\/product\/gourmet-durum-burrata\/","title":{"rendered":"Gourmet d\u00fcr\u00fcm burrata"},"content":{"rendered":"<h3 class=\"_50YZr _3hlni list-item-content-style_item-heading__kewGu\" data-qa=\"heading\">0,33l,\u00a0<span data-qa=\"text\"><span class=\"formatted-currency-style_content__VNVsV\" aria-hidden=\"false\">66,67\u00a0CHF<\/span><\/span>\/1l<\/h3>\n<p>Un d\u00fcr\u00fcm raffin\u00e9 garni de burrata cr\u00e9meuse, viande grill\u00e9e, crudit\u00e9s et sauce au choix.<\/p>","protected":false},"excerpt":{"rendered":"<p>D\u00e9couvrez notre <strong data-start=\"284\" data-end=\"309\">Gourmet D\u00fcr\u00fcm Burrata<\/strong>, une exp\u00e9rience unique alliant la tendresse de la viande grill\u00e9e \u00e0 l\u2019onctuosit\u00e9 de la burrata italienne.<br data-start=\"414\" data-end=\"417\" \/>Envelopp\u00e9 dans un pain chaud et moelleux, garni de crudit\u00e9s fra\u00eeches et d\u2019une sauce au choix, ce d\u00fcr\u00fcm offre un \u00e9quilibre parfait entre douceur, fra\u00eecheur et gourmandise.<br data-start=\"587\" data-end=\"590\" \/>Un vrai d\u00e9lice pour les amateurs de fromage et de saveurs raffin\u00e9es.<\/p>","protected":false},"featured_media":0,"comment_status":"open","ping_status":"closed","template":"","meta":[],"product_brand":[191],"product_cat":[185],"product_tag":[],"class_list":{"0":"post-10351","1":"product","2":"type-product","3":"status-publish","5":"product_brand-royal-food","6":"product_cat-gourmet-double-durum","8":"first","9":"instock","10":"shipping-taxable","11":"purchasable","12":"product-type-simple"},"_links":{"self":[{"href":"https:\/\/royalfood.ch\/en\/wp-json\/wp\/v2\/product\/10351","targetHints":{"allow":["GET"]}}],"collection":[{"href":"https:\/\/royalfood.ch\/en\/wp-json\/wp\/v2\/product"}],"about":[{"href":"https:\/\/royalfood.ch\/en\/wp-json\/wp\/v2\/types\/product"}],"replies":[{"embeddable":true,"href":"https:\/\/royalfood.ch\/en\/wp-json\/wp\/v2\/comments?post=10351"}],"wp:attachment":[{"href":"https:\/\/royalfood.ch\/en\/wp-json\/wp\/v2\/media?parent=10351"}],"wp:term":[{"taxonomy":"product_brand","embeddable":true,"href":"https:\/\/royalfood.ch\/en\/wp-json\/wp\/v2\/product_brand?post=10351"},{"taxonomy":"product_cat","embeddable":true,"href":"https:\/\/royalfood.ch\/en\/wp-json\/wp\/v2\/product_cat?post=10351"},{"taxonomy":"product_tag","embeddable":true,"href":"https:\/\/royalfood.ch\/en\/wp-json\/wp\/v2\/product_tag?post=10351"}],"curies":[{"name":"wp","href":"https:\/\/api.w.org\/{rel}","templated":true}]}}