{"id":10350,"date":"2025-10-20T21:34:43","date_gmt":"2025-10-20T18:34:43","guid":{"rendered":"https:\/\/royalfood.ch\/?post_type=product&#038;p=10350"},"modified":"2025-10-20T21:39:13","modified_gmt":"2025-10-20T18:39:13","slug":"gourmet-durum-bufala","status":"publish","type":"product","link":"https:\/\/royalfood.ch\/en\/product\/gourmet-durum-bufala\/","title":{"rendered":"Gourmet d\u00fcr\u00fcm bufala"},"content":{"rendered":"<h3 class=\"_50YZr _3hlni list-item-content-style_item-heading__kewGu\" data-qa=\"heading\">0,33l,\u00a0<span data-qa=\"text\"><span class=\"formatted-currency-style_content__VNVsV\" aria-hidden=\"false\">66,67\u00a0CHF<\/span><\/span>\/1l<\/h3>\n<p>Un d\u00fcr\u00fcm raffin\u00e9 garni de mozzarella di bufala, viande grill\u00e9e, crudit\u00e9s et sauce au choix.<\/p>","protected":false},"excerpt":{"rendered":"<p>Savourez notre <strong data-start=\"288\" data-end=\"312\">Gourmet D\u00fcr\u00fcm Bufala<\/strong>, une sp\u00e9cialit\u00e9 gourmande inspir\u00e9e de la cuisine italienne.<br data-start=\"372\" data-end=\"375\" \/>Pr\u00e9par\u00e9 avec de la mozzarella di bufala fondante, de la viande grill\u00e9e tendre, des crudit\u00e9s fra\u00eeches et une sauce au choix, le tout envelopp\u00e9 dans un pain chaud et moelleux.<br data-start=\"548\" data-end=\"551\" \/>Un m\u00e9lange \u00e9l\u00e9gant et savoureux qui allie authenticit\u00e9, douceur et caract\u00e8re m\u00e9diterran\u00e9en.<\/p>","protected":false},"featured_media":0,"comment_status":"open","ping_status":"closed","template":"","meta":[],"product_brand":[191],"product_cat":[185],"product_tag":[],"class_list":{"0":"post-10350","1":"product","2":"type-product","3":"status-publish","5":"product_brand-royal-food","6":"product_cat-gourmet-double-durum","8":"first","9":"instock","10":"shipping-taxable","11":"purchasable","12":"product-type-simple"},"_links":{"self":[{"href":"https:\/\/royalfood.ch\/en\/wp-json\/wp\/v2\/product\/10350","targetHints":{"allow":["GET"]}}],"collection":[{"href":"https:\/\/royalfood.ch\/en\/wp-json\/wp\/v2\/product"}],"about":[{"href":"https:\/\/royalfood.ch\/en\/wp-json\/wp\/v2\/types\/product"}],"replies":[{"embeddable":true,"href":"https:\/\/royalfood.ch\/en\/wp-json\/wp\/v2\/comments?post=10350"}],"wp:attachment":[{"href":"https:\/\/royalfood.ch\/en\/wp-json\/wp\/v2\/media?parent=10350"}],"wp:term":[{"taxonomy":"product_brand","embeddable":true,"href":"https:\/\/royalfood.ch\/en\/wp-json\/wp\/v2\/product_brand?post=10350"},{"taxonomy":"product_cat","embeddable":true,"href":"https:\/\/royalfood.ch\/en\/wp-json\/wp\/v2\/product_cat?post=10350"},{"taxonomy":"product_tag","embeddable":true,"href":"https:\/\/royalfood.ch\/en\/wp-json\/wp\/v2\/product_tag?post=10350"}],"curies":[{"name":"wp","href":"https:\/\/api.w.org\/{rel}","templated":true}]}}