{"id":10348,"date":"2025-10-20T21:27:55","date_gmt":"2025-10-20T18:27:55","guid":{"rendered":"https:\/\/royalfood.ch\/?post_type=product&#038;p=10348"},"modified":"2025-10-20T21:29:39","modified_gmt":"2025-10-20T18:29:39","slug":"gourmet-durum-feta","status":"publish","type":"product","link":"https:\/\/royalfood.ch\/en\/product\/gourmet-durum-feta\/","title":{"rendered":"Gourmet d\u00fcr\u00fcm feta"},"content":{"rendered":"<h3 class=\"_50YZr _3hlni list-item-content-style_item-heading__kewGu\" data-qa=\"heading\">0,33l,\u00a0<span data-qa=\"text\"><span class=\"formatted-currency-style_content__VNVsV\" aria-hidden=\"false\">66,67\u00a0CHF<\/span><\/span>\/1l<\/h3>\n<p>Un d\u00fcr\u00fcm m\u00e9diterran\u00e9en garni de viande grill\u00e9e, fromage feta, crudit\u00e9s et sauce au choix.<\/p>","protected":false},"excerpt":{"rendered":"<p>Savourez notre <strong data-start=\"284\" data-end=\"306\">Gourmet D\u00fcr\u00fcm Feta<\/strong>, une recette inspir\u00e9e des saveurs m\u00e9diterran\u00e9ennes.<br data-start=\"358\" data-end=\"361\" \/>Pr\u00e9par\u00e9 avec de la viande grill\u00e9e tendre, du fromage feta \u00e9miett\u00e9, des crudit\u00e9s fra\u00eeches et une sauce au choix, le tout enroul\u00e9 dans un pain chaud et moelleux.<br data-start=\"520\" data-end=\"523\" \/>Un m\u00e9lange parfait entre fra\u00eecheur, onctuosit\u00e9 et authenticit\u00e9 \u2014 un voyage gustatif aux accents du Sud.<\/p>","protected":false},"featured_media":0,"comment_status":"open","ping_status":"closed","template":"","meta":[],"product_brand":[191],"product_cat":[185],"product_tag":[],"class_list":{"0":"post-10348","1":"product","2":"type-product","3":"status-publish","5":"product_brand-royal-food","6":"product_cat-gourmet-double-durum","8":"first","9":"instock","10":"shipping-taxable","11":"purchasable","12":"product-type-simple"},"_links":{"self":[{"href":"https:\/\/royalfood.ch\/en\/wp-json\/wp\/v2\/product\/10348","targetHints":{"allow":["GET"]}}],"collection":[{"href":"https:\/\/royalfood.ch\/en\/wp-json\/wp\/v2\/product"}],"about":[{"href":"https:\/\/royalfood.ch\/en\/wp-json\/wp\/v2\/types\/product"}],"replies":[{"embeddable":true,"href":"https:\/\/royalfood.ch\/en\/wp-json\/wp\/v2\/comments?post=10348"}],"wp:attachment":[{"href":"https:\/\/royalfood.ch\/en\/wp-json\/wp\/v2\/media?parent=10348"}],"wp:term":[{"taxonomy":"product_brand","embeddable":true,"href":"https:\/\/royalfood.ch\/en\/wp-json\/wp\/v2\/product_brand?post=10348"},{"taxonomy":"product_cat","embeddable":true,"href":"https:\/\/royalfood.ch\/en\/wp-json\/wp\/v2\/product_cat?post=10348"},{"taxonomy":"product_tag","embeddable":true,"href":"https:\/\/royalfood.ch\/en\/wp-json\/wp\/v2\/product_tag?post=10348"}],"curies":[{"name":"wp","href":"https:\/\/api.w.org\/{rel}","templated":true}]}}