{"id":10311,"date":"2025-10-20T14:39:03","date_gmt":"2025-10-20T11:39:03","guid":{"rendered":"https:\/\/royalfood.ch\/?post_type=product&#038;p=10311"},"modified":"2025-10-20T14:39:04","modified_gmt":"2025-10-20T11:39:04","slug":"gourmet-durum-cheddar","status":"publish","type":"product","link":"https:\/\/royalfood.ch\/en\/product\/gourmet-durum-cheddar\/","title":{"rendered":"Gourmet d\u00fcr\u00fcm cheddar"},"content":{"rendered":"<h3 class=\"_50YZr _3hlni list-item-content-style_item-heading__kewGu\" data-qa=\"heading\">0,33l,\u00a0<span data-qa=\"text\"><span class=\"formatted-currency-style_content__VNVsV\" aria-hidden=\"false\">66,67\u00a0CHF<\/span><\/span>\/1l<\/h3>\n<p>Un d\u00fcr\u00fcm gourmand garni de viande grill\u00e9e, cheddar fondant, crudit\u00e9s fra\u00eeches et sauce au choix.<\/p>","protected":false},"excerpt":{"rendered":"<p>D\u00e9couvrez notre <strong data-start=\"295\" data-end=\"320\">Gourmet D\u00fcr\u00fcm Cheddar<\/strong>, une cr\u00e9ation g\u00e9n\u00e9reuse et pleine de saveurs.<br data-start=\"366\" data-end=\"369\" \/>Pr\u00e9par\u00e9 avec une viande grill\u00e9e tendre, du cheddar fondant, des crudit\u00e9s fra\u00eeches et une sauce au choix, le tout roul\u00e9 dans un pain chaud et moelleux.<br data-start=\"519\" data-end=\"522\" \/>Un m\u00e9lange parfait entre onctuosit\u00e9, fra\u00eecheur et authenticit\u00e9 \u2014 le plaisir du d\u00fcr\u00fcm revisit\u00e9 en version gourmet !<\/p>","protected":false},"featured_media":10312,"comment_status":"open","ping_status":"closed","template":"","meta":[],"product_brand":[191],"product_cat":[185],"product_tag":[],"class_list":{"0":"post-10311","1":"product","2":"type-product","3":"status-publish","4":"has-post-thumbnail","6":"product_brand-royal-food","7":"product_cat-gourmet-double-durum","9":"first","10":"instock","11":"shipping-taxable","12":"purchasable","13":"product-type-simple"},"_links":{"self":[{"href":"https:\/\/royalfood.ch\/en\/wp-json\/wp\/v2\/product\/10311","targetHints":{"allow":["GET"]}}],"collection":[{"href":"https:\/\/royalfood.ch\/en\/wp-json\/wp\/v2\/product"}],"about":[{"href":"https:\/\/royalfood.ch\/en\/wp-json\/wp\/v2\/types\/product"}],"replies":[{"embeddable":true,"href":"https:\/\/royalfood.ch\/en\/wp-json\/wp\/v2\/comments?post=10311"}],"wp:featuredmedia":[{"embeddable":true,"href":"https:\/\/royalfood.ch\/en\/wp-json\/wp\/v2\/media\/10312"}],"wp:attachment":[{"href":"https:\/\/royalfood.ch\/en\/wp-json\/wp\/v2\/media?parent=10311"}],"wp:term":[{"taxonomy":"product_brand","embeddable":true,"href":"https:\/\/royalfood.ch\/en\/wp-json\/wp\/v2\/product_brand?post=10311"},{"taxonomy":"product_cat","embeddable":true,"href":"https:\/\/royalfood.ch\/en\/wp-json\/wp\/v2\/product_cat?post=10311"},{"taxonomy":"product_tag","embeddable":true,"href":"https:\/\/royalfood.ch\/en\/wp-json\/wp\/v2\/product_tag?post=10311"}],"curies":[{"name":"wp","href":"https:\/\/api.w.org\/{rel}","templated":true}]}}