{"id":10310,"date":"2025-10-20T14:20:22","date_gmt":"2025-10-20T11:20:22","guid":{"rendered":"https:\/\/royalfood.ch\/?post_type=product&#038;p=10310"},"modified":"2025-10-20T14:25:53","modified_gmt":"2025-10-20T11:25:53","slug":"box-merlan","status":"publish","type":"product","link":"https:\/\/royalfood.ch\/en\/product\/box-merlan\/","title":{"rendered":"Box Merlan"},"content":{"rendered":"<p>Une box gourmande de filets de merlan dor\u00e9s, servie avec des frites et une sauce au choix.<\/p>","protected":false},"excerpt":{"rendered":"<p>Savourez notre <strong data-start=\"275\" data-end=\"289\">Box Merlan<\/strong>, compos\u00e9e de tendres filets de merlan grill\u00e9s ou frits \u00e0 la perfection, accompagn\u00e9s de frites croustillantes et d\u2019une sauce au choix.<br data-start=\"423\" data-end=\"426\" \/>Un repas complet, l\u00e9ger et plein de go\u00fbt \u2014 id\u00e9al pour les amateurs de poisson et de cuisine fra\u00eeche.<\/p>","protected":false},"featured_media":0,"comment_status":"open","ping_status":"closed","template":"","meta":[],"product_brand":[191],"product_cat":[184],"product_tag":[],"class_list":{"0":"post-10310","1":"product","2":"type-product","3":"status-publish","5":"product_brand-royal-food","6":"product_cat-box","8":"first","9":"outofstock","10":"shipping-taxable","11":"product-type-simple"},"_links":{"self":[{"href":"https:\/\/royalfood.ch\/en\/wp-json\/wp\/v2\/product\/10310","targetHints":{"allow":["GET"]}}],"collection":[{"href":"https:\/\/royalfood.ch\/en\/wp-json\/wp\/v2\/product"}],"about":[{"href":"https:\/\/royalfood.ch\/en\/wp-json\/wp\/v2\/types\/product"}],"replies":[{"embeddable":true,"href":"https:\/\/royalfood.ch\/en\/wp-json\/wp\/v2\/comments?post=10310"}],"wp:attachment":[{"href":"https:\/\/royalfood.ch\/en\/wp-json\/wp\/v2\/media?parent=10310"}],"wp:term":[{"taxonomy":"product_brand","embeddable":true,"href":"https:\/\/royalfood.ch\/en\/wp-json\/wp\/v2\/product_brand?post=10310"},{"taxonomy":"product_cat","embeddable":true,"href":"https:\/\/royalfood.ch\/en\/wp-json\/wp\/v2\/product_cat?post=10310"},{"taxonomy":"product_tag","embeddable":true,"href":"https:\/\/royalfood.ch\/en\/wp-json\/wp\/v2\/product_tag?post=10310"}],"curies":[{"name":"wp","href":"https:\/\/api.w.org\/{rel}","templated":true}]}}