{"id":10308,"date":"2025-10-20T14:17:04","date_gmt":"2025-10-20T11:17:04","guid":{"rendered":"https:\/\/royalfood.ch\/?post_type=product&#038;p=10308"},"modified":"2025-10-20T14:19:57","modified_gmt":"2025-10-20T11:19:57","slug":"box-kebab","status":"publish","type":"product","link":"https:\/\/royalfood.ch\/en\/product\/box-kebab\/","title":{"rendered":"Box Kebab"},"content":{"rendered":"<p>Une box g\u00e9n\u00e9reuse avec un m\u00e9lange de poulet et d\u2019agneau grill\u00e9s, servie avec des frites et une sauce au choix.<\/p>","protected":false},"excerpt":{"rendered":"<p>D\u00e9couvrez notre <strong data-start=\"319\" data-end=\"354\">Box Kebab,<\/strong>\u00a0un repas copieux et savoureux alliant le meilleur des deux viandes.<br data-start=\"423\" data-end=\"426\" \/>Pr\u00e9par\u00e9e avec un m\u00e9lange tendre et parfum\u00e9 de poulet et d\u2019agneau grill\u00e9s, accompagn\u00e9e de frites croustillantes et d\u2019une sauce au choix.<br data-start=\"561\" data-end=\"564\" \/>Un \u00e9quilibre parfait entre douceur, caract\u00e8re et authenticit\u00e9 \u2014 le vrai go\u00fbt du kebab en version box !<\/p>","protected":false},"featured_media":0,"comment_status":"open","ping_status":"closed","template":"","meta":[],"product_brand":[191],"product_cat":[184],"product_tag":[],"class_list":{"0":"post-10308","1":"product","2":"type-product","3":"status-publish","5":"product_brand-royal-food","6":"product_cat-box","8":"first","9":"instock","10":"shipping-taxable","11":"purchasable","12":"product-type-simple"},"_links":{"self":[{"href":"https:\/\/royalfood.ch\/en\/wp-json\/wp\/v2\/product\/10308","targetHints":{"allow":["GET"]}}],"collection":[{"href":"https:\/\/royalfood.ch\/en\/wp-json\/wp\/v2\/product"}],"about":[{"href":"https:\/\/royalfood.ch\/en\/wp-json\/wp\/v2\/types\/product"}],"replies":[{"embeddable":true,"href":"https:\/\/royalfood.ch\/en\/wp-json\/wp\/v2\/comments?post=10308"}],"wp:attachment":[{"href":"https:\/\/royalfood.ch\/en\/wp-json\/wp\/v2\/media?parent=10308"}],"wp:term":[{"taxonomy":"product_brand","embeddable":true,"href":"https:\/\/royalfood.ch\/en\/wp-json\/wp\/v2\/product_brand?post=10308"},{"taxonomy":"product_cat","embeddable":true,"href":"https:\/\/royalfood.ch\/en\/wp-json\/wp\/v2\/product_cat?post=10308"},{"taxonomy":"product_tag","embeddable":true,"href":"https:\/\/royalfood.ch\/en\/wp-json\/wp\/v2\/product_tag?post=10308"}],"curies":[{"name":"wp","href":"https:\/\/api.w.org\/{rel}","templated":true}]}}