{"id":10305,"date":"2025-10-20T14:08:46","date_gmt":"2025-10-20T11:08:46","guid":{"rendered":"https:\/\/royalfood.ch\/?post_type=product&#038;p=10305"},"modified":"2025-10-20T14:13:53","modified_gmt":"2025-10-20T11:13:53","slug":"box-nuggets","status":"publish","type":"product","link":"https:\/\/royalfood.ch\/en\/product\/box-nuggets\/","title":{"rendered":"Box Nuggets"},"content":{"rendered":"<p>Une box gourmande de nuggets de poulet, servie avec des frites et une sauce au choix.<\/p>","protected":false},"excerpt":{"rendered":"<p>D\u00e9couvrez notre <strong data-start=\"272\" data-end=\"287\">Box Nuggets<\/strong>, un repas croustillant et savoureux compos\u00e9 de d\u00e9licieux nuggets de poulet dor\u00e9s, accompagn\u00e9s de frites croustillantes et d\u2019une sauce au choix.<br data-start=\"431\" data-end=\"434\" \/>Un plat pratique, g\u00e9n\u00e9reux et plein de go\u00fbt \u2014 id\u00e9al pour petits et grands gourmands !<\/p>","protected":false},"featured_media":0,"comment_status":"open","ping_status":"closed","template":"","meta":[],"product_brand":[191],"product_cat":[184],"product_tag":[],"class_list":{"0":"post-10305","1":"product","2":"type-product","3":"status-publish","5":"product_brand-royal-food","6":"product_cat-box","8":"first","9":"instock","10":"shipping-taxable","11":"purchasable","12":"product-type-simple"},"_links":{"self":[{"href":"https:\/\/royalfood.ch\/en\/wp-json\/wp\/v2\/product\/10305","targetHints":{"allow":["GET"]}}],"collection":[{"href":"https:\/\/royalfood.ch\/en\/wp-json\/wp\/v2\/product"}],"about":[{"href":"https:\/\/royalfood.ch\/en\/wp-json\/wp\/v2\/types\/product"}],"replies":[{"embeddable":true,"href":"https:\/\/royalfood.ch\/en\/wp-json\/wp\/v2\/comments?post=10305"}],"wp:attachment":[{"href":"https:\/\/royalfood.ch\/en\/wp-json\/wp\/v2\/media?parent=10305"}],"wp:term":[{"taxonomy":"product_brand","embeddable":true,"href":"https:\/\/royalfood.ch\/en\/wp-json\/wp\/v2\/product_brand?post=10305"},{"taxonomy":"product_cat","embeddable":true,"href":"https:\/\/royalfood.ch\/en\/wp-json\/wp\/v2\/product_cat?post=10305"},{"taxonomy":"product_tag","embeddable":true,"href":"https:\/\/royalfood.ch\/en\/wp-json\/wp\/v2\/product_tag?post=10305"}],"curies":[{"name":"wp","href":"https:\/\/api.w.org\/{rel}","templated":true}]}}