{"id":10303,"date":"2025-10-20T13:56:52","date_gmt":"2025-10-20T10:56:52","guid":{"rendered":"https:\/\/royalfood.ch\/?post_type=product&#038;p=10303"},"modified":"2025-10-20T13:57:41","modified_gmt":"2025-10-20T10:57:41","slug":"menu-assiette-lahmacun-maison-avec-viandes","status":"publish","type":"product","link":"https:\/\/royalfood.ch\/en\/product\/menu-assiette-lahmacun-maison-avec-viandes\/","title":{"rendered":"Menu Assiette Lahmacun Maison avec Viandes"},"content":{"rendered":"<p>Un menu complet avec lahmacun maison, viande grill\u00e9e, frites, salade et boisson au choix.<\/p>","protected":false},"excerpt":{"rendered":"<p>D\u00e9couvrez notre <strong data-start=\"308\" data-end=\"354\">Menu Assiette Lahmacun Maison avec Viandes<\/strong>, un repas complet et gourmand.<br data-start=\"385\" data-end=\"388\" \/>Compos\u00e9 d\u2019un lahmacun maison \u00e0 la p\u00e2te fine et croustillante, accompagn\u00e9 de viande grill\u00e9e, de frites dor\u00e9es, d\u2019une salade fra\u00eeche et d\u2019une boisson au choix.<br data-start=\"545\" data-end=\"548\" \/>Un m\u00e9lange parfait entre tradition, g\u00e9n\u00e9rosit\u00e9 et saveurs orientales \u2014 id\u00e9al pour un vrai festin !<\/p>","protected":false},"featured_media":0,"comment_status":"open","ping_status":"closed","template":"","meta":[],"product_brand":[191],"product_cat":[183],"product_tag":[],"class_list":{"0":"post-10303","1":"product","2":"type-product","3":"status-publish","5":"product_brand-royal-food","6":"product_cat-kebap","8":"first","9":"instock","10":"shipping-taxable","11":"purchasable","12":"product-type-simple"},"_links":{"self":[{"href":"https:\/\/royalfood.ch\/en\/wp-json\/wp\/v2\/product\/10303","targetHints":{"allow":["GET"]}}],"collection":[{"href":"https:\/\/royalfood.ch\/en\/wp-json\/wp\/v2\/product"}],"about":[{"href":"https:\/\/royalfood.ch\/en\/wp-json\/wp\/v2\/types\/product"}],"replies":[{"embeddable":true,"href":"https:\/\/royalfood.ch\/en\/wp-json\/wp\/v2\/comments?post=10303"}],"wp:attachment":[{"href":"https:\/\/royalfood.ch\/en\/wp-json\/wp\/v2\/media?parent=10303"}],"wp:term":[{"taxonomy":"product_brand","embeddable":true,"href":"https:\/\/royalfood.ch\/en\/wp-json\/wp\/v2\/product_brand?post=10303"},{"taxonomy":"product_cat","embeddable":true,"href":"https:\/\/royalfood.ch\/en\/wp-json\/wp\/v2\/product_cat?post=10303"},{"taxonomy":"product_tag","embeddable":true,"href":"https:\/\/royalfood.ch\/en\/wp-json\/wp\/v2\/product_tag?post=10303"}],"curies":[{"name":"wp","href":"https:\/\/api.w.org\/{rel}","templated":true}]}}