{"id":10302,"date":"2025-10-20T13:52:58","date_gmt":"2025-10-20T10:52:58","guid":{"rendered":"https:\/\/royalfood.ch\/?post_type=product&#038;p=10302"},"modified":"2025-10-20T13:54:21","modified_gmt":"2025-10-20T10:54:21","slug":"assiette-lahmacun-maison","status":"publish","type":"product","link":"https:\/\/royalfood.ch\/en\/product\/assiette-lahmacun-maison\/","title":{"rendered":"Assiette lahmacun (maison)"},"content":{"rendered":"<p>Un lahmacun maison servi avec une salade fra\u00eeche et une sauce au choix.<\/p>","protected":false},"excerpt":{"rendered":"<p>Savourez notre <strong data-start=\"272\" data-end=\"302\">Assiette Lahmacun (Maison)<\/strong>, pr\u00e9par\u00e9e avec un lahmacun fait maison \u00e0 la p\u00e2te fine et croustillante, garni d\u2019un m\u00e9lange savoureux de viande hach\u00e9e, d\u2019herbes et d\u2019\u00e9pices orientales.<br data-start=\"454\" data-end=\"457\" \/>Servie avec une salade fra\u00eeche et color\u00e9e ainsi qu\u2019une sauce au choix, cette assiette allie authenticit\u00e9, l\u00e9g\u00e8ret\u00e9 et plaisir.<br data-start=\"583\" data-end=\"586\" \/>Un grand classique revisit\u00e9 pour les amateurs de cuisine orientale !<\/p>","protected":false},"featured_media":0,"comment_status":"open","ping_status":"closed","template":"","meta":[],"product_brand":[191],"product_cat":[183],"product_tag":[],"class_list":{"0":"post-10302","1":"product","2":"type-product","3":"status-publish","5":"product_brand-royal-food","6":"product_cat-kebap","8":"first","9":"instock","10":"shipping-taxable","11":"purchasable","12":"product-type-simple"},"_links":{"self":[{"href":"https:\/\/royalfood.ch\/en\/wp-json\/wp\/v2\/product\/10302","targetHints":{"allow":["GET"]}}],"collection":[{"href":"https:\/\/royalfood.ch\/en\/wp-json\/wp\/v2\/product"}],"about":[{"href":"https:\/\/royalfood.ch\/en\/wp-json\/wp\/v2\/types\/product"}],"replies":[{"embeddable":true,"href":"https:\/\/royalfood.ch\/en\/wp-json\/wp\/v2\/comments?post=10302"}],"wp:attachment":[{"href":"https:\/\/royalfood.ch\/en\/wp-json\/wp\/v2\/media?parent=10302"}],"wp:term":[{"taxonomy":"product_brand","embeddable":true,"href":"https:\/\/royalfood.ch\/en\/wp-json\/wp\/v2\/product_brand?post=10302"},{"taxonomy":"product_cat","embeddable":true,"href":"https:\/\/royalfood.ch\/en\/wp-json\/wp\/v2\/product_cat?post=10302"},{"taxonomy":"product_tag","embeddable":true,"href":"https:\/\/royalfood.ch\/en\/wp-json\/wp\/v2\/product_tag?post=10302"}],"curies":[{"name":"wp","href":"https:\/\/api.w.org\/{rel}","templated":true}]}}