{"id":10297,"date":"2025-10-20T13:15:35","date_gmt":"2025-10-20T10:15:35","guid":{"rendered":"https:\/\/royalfood.ch\/?post_type=product&#038;p=10297"},"modified":"2025-10-20T13:16:37","modified_gmt":"2025-10-20T10:16:37","slug":"box-brochette-poulet","status":"publish","type":"product","link":"https:\/\/royalfood.ch\/en\/product\/box-brochette-poulet\/","title":{"rendered":"Box brochette poulet"},"content":{"rendered":"<p>Une box savoureuse avec des brochettes de poulet grill\u00e9es, servie avec des frites et une sauce au choix.<\/p>","protected":false},"excerpt":{"rendered":"<p>D\u00e9couvrez notre <strong data-start=\"300\" data-end=\"324\">Box Brochette Poulet<\/strong>, compos\u00e9e de tendres morceaux de poulet grill\u00e9s \u00e0 la perfection, accompagn\u00e9s de frites dor\u00e9es et d\u2019une sauce savoureuse de votre choix.<br data-start=\"460\" data-end=\"463\" \/>Un repas g\u00e9n\u00e9reux, pratique et plein de go\u00fbt, parfait pour les amateurs de grillades et de saveurs authentiques.<\/p>","protected":false},"featured_media":0,"comment_status":"open","ping_status":"closed","template":"","meta":[],"product_brand":[191],"product_cat":[183],"product_tag":[],"class_list":{"0":"post-10297","1":"product","2":"type-product","3":"status-publish","5":"product_brand-royal-food","6":"product_cat-kebap","8":"first","9":"instock","10":"shipping-taxable","11":"purchasable","12":"product-type-simple"},"_links":{"self":[{"href":"https:\/\/royalfood.ch\/en\/wp-json\/wp\/v2\/product\/10297","targetHints":{"allow":["GET"]}}],"collection":[{"href":"https:\/\/royalfood.ch\/en\/wp-json\/wp\/v2\/product"}],"about":[{"href":"https:\/\/royalfood.ch\/en\/wp-json\/wp\/v2\/types\/product"}],"replies":[{"embeddable":true,"href":"https:\/\/royalfood.ch\/en\/wp-json\/wp\/v2\/comments?post=10297"}],"wp:attachment":[{"href":"https:\/\/royalfood.ch\/en\/wp-json\/wp\/v2\/media?parent=10297"}],"wp:term":[{"taxonomy":"product_brand","embeddable":true,"href":"https:\/\/royalfood.ch\/en\/wp-json\/wp\/v2\/product_brand?post=10297"},{"taxonomy":"product_cat","embeddable":true,"href":"https:\/\/royalfood.ch\/en\/wp-json\/wp\/v2\/product_cat?post=10297"},{"taxonomy":"product_tag","embeddable":true,"href":"https:\/\/royalfood.ch\/en\/wp-json\/wp\/v2\/product_tag?post=10297"}],"curies":[{"name":"wp","href":"https:\/\/api.w.org\/{rel}","templated":true}]}}