{"id":10296,"date":"2025-10-20T13:13:24","date_gmt":"2025-10-20T10:13:24","guid":{"rendered":"https:\/\/royalfood.ch\/?post_type=product&#038;p=10296"},"modified":"2025-10-20T13:14:51","modified_gmt":"2025-10-20T10:14:51","slug":"falafel-box","status":"publish","type":"product","link":"https:\/\/royalfood.ch\/en\/product\/falafel-box\/","title":{"rendered":"Falafel box"},"content":{"rendered":"<p>Une box v\u00e9g\u00e9tarienne gourmande, avec des falafels croustillants, des frites et une sauce au choix.<\/p>","protected":false},"excerpt":{"rendered":"<p>Savourez notre <strong data-start=\"284\" data-end=\"299\">Falafel Box<\/strong>, une option 100 % v\u00e9g\u00e9tarienne alliant plaisir et l\u00e9g\u00e8ret\u00e9.<br data-start=\"359\" data-end=\"362\" \/>Compos\u00e9e de falafels dor\u00e9s et croustillants, accompagn\u00e9s de frites croustillantes et d\u2019une sauce au choix, elle offre un m\u00e9lange parfait entre textures et saveurs.<br data-start=\"525\" data-end=\"528\" \/>Un repas sain, pratique et plein de go\u00fbt \u2014 id\u00e9al pour les amateurs de cuisine orientale.<\/p>","protected":false},"featured_media":0,"comment_status":"open","ping_status":"closed","template":"","meta":[],"product_brand":[191],"product_cat":[183],"product_tag":[],"class_list":{"0":"post-10296","1":"product","2":"type-product","3":"status-publish","5":"product_brand-royal-food","6":"product_cat-kebap","8":"first","9":"instock","10":"shipping-taxable","11":"purchasable","12":"product-type-simple"},"_links":{"self":[{"href":"https:\/\/royalfood.ch\/en\/wp-json\/wp\/v2\/product\/10296","targetHints":{"allow":["GET"]}}],"collection":[{"href":"https:\/\/royalfood.ch\/en\/wp-json\/wp\/v2\/product"}],"about":[{"href":"https:\/\/royalfood.ch\/en\/wp-json\/wp\/v2\/types\/product"}],"replies":[{"embeddable":true,"href":"https:\/\/royalfood.ch\/en\/wp-json\/wp\/v2\/comments?post=10296"}],"wp:attachment":[{"href":"https:\/\/royalfood.ch\/en\/wp-json\/wp\/v2\/media?parent=10296"}],"wp:term":[{"taxonomy":"product_brand","embeddable":true,"href":"https:\/\/royalfood.ch\/en\/wp-json\/wp\/v2\/product_brand?post=10296"},{"taxonomy":"product_cat","embeddable":true,"href":"https:\/\/royalfood.ch\/en\/wp-json\/wp\/v2\/product_cat?post=10296"},{"taxonomy":"product_tag","embeddable":true,"href":"https:\/\/royalfood.ch\/en\/wp-json\/wp\/v2\/product_tag?post=10296"}],"curies":[{"name":"wp","href":"https:\/\/api.w.org\/{rel}","templated":true}]}}